{"id":19,"date":"2025-02-15T17:18:00","date_gmt":"2025-02-15T17:18:00","guid":{"rendered":"https:\/\/neu.yoga-susanne.ch\/?page_id=19"},"modified":"2026-03-28T11:12:39","modified_gmt":"2026-03-28T10:12:39","slug":"uber-mich","status":"publish","type":"page","link":"https:\/\/yoga-susanne.ch\/en\/uber-mich\/","title":{"rendered":"\u00dcber mich"},"content":{"rendered":"<h4 class=\"wp-block-heading\" style=\"margin-bottom:var(--wp--preset--spacing--30)\">\u00dcber mich<\/h4>\n\n\n\n<p>In den 90er Jahren hatte ich meine erste Begegnung mit Yoga. Damals war es das Kinderyoga, und ich suchte Heilung f\u00fcr meine zu der Zeit vierj\u00e4hrige Tochter. Ich war sehr ber\u00fchrt von den vielen M\u00f6glichkeiten des Yoga, Probleme zu l\u00f6sen, Klarheit zu schaffen und eine neue Freiheit und Freude im Alltag zu bekommen.<\/p>\n\n\n\n<div style=\"height:55px\" aria-hidden=\"true\" class=\"wp-block-spacer\"><\/div>\n\n\n\n<p>Auf diesem Weg begegnete ich Lehrern aus den verschiedensten Yogarichtungen, befasste mich immer st\u00e4rker mit Meditation und schnupperte hinein in die Spiritualit\u00e4t. Anfang 2000 begann ich eine Ha-tha-Yoga-Ausbildung in der Schweiz und unterrichte seit 2005. Auf meiner Reise nach Indien zu den Wurzeln des Yoga tauchte ich noch tiefer in diese Art zu leben ein. Ich nehme st\u00e4ndig an Weiterbildungen teil, \u00fcbe fast regelm\u00e4ssig, lasse mich inspirieren und meine Yoga-Matte ist Teil meines t\u00e4glichen Lebens.<\/p>\n\n\n\n<div style=\"height:55px\" aria-hidden=\"true\" class=\"wp-block-spacer\"><\/div>\n\n\n\n<p>Lehrer die mich auf meinem Yoga-Weg begleiten: Doris Echlin, Hans Stieger, Anna R\u00f6cker, Daniel Orlansky, Annette Kaiser, Bernd Helge Fritsch, Aya Khema, R. Sriram langj\u00e4hriger Sch\u00fcler von SRI T.K.V. Desikachar, Sri Ramana Maharshi, dessen Geist mit mir geht, und meine Sch\u00fcler.<\/p>\n\n\n\n<div style=\"height:55px\" aria-hidden=\"true\" class=\"wp-block-spacer\"><\/div>\n\n\n\n<p>Im Yoga liegt eine Kraft, die alles vereint, in der wir in gegenseitiger Toleranz immer mehr zusammenr\u00fccken k\u00f6nnen und Herzensweite schaffen. Es ist ein Geben und Bekommen.<\/p>\n\n\n\n<div style=\"height:55px\" aria-hidden=\"true\" class=\"wp-block-spacer\"><\/div>\n\n\n\n<figure class=\"wp-block-image size-large\"><img loading=\"lazy\" decoding=\"async\" width=\"1024\" height=\"884\" src=\"https:\/\/neu.yoga-susanne.ch\/wp-content\/uploads\/2026\/02\/Tessiner-Zeitung_Beruf-als-Berufung-1024x884.jpg\" alt=\"\" class=\"wp-image-469\" srcset=\"https:\/\/yoga-susanne.ch\/wp-content\/uploads\/2026\/02\/Tessiner-Zeitung_Beruf-als-Berufung-1024x884.jpg 1024w, https:\/\/yoga-susanne.ch\/wp-content\/uploads\/2026\/02\/Tessiner-Zeitung_Beruf-als-Berufung-300x259.jpg 300w, https:\/\/yoga-susanne.ch\/wp-content\/uploads\/2026\/02\/Tessiner-Zeitung_Beruf-als-Berufung-768x663.jpg 768w, https:\/\/yoga-susanne.ch\/wp-content\/uploads\/2026\/02\/Tessiner-Zeitung_Beruf-als-Berufung-1536x1326.jpg 1536w, https:\/\/yoga-susanne.ch\/wp-content\/uploads\/2026\/02\/Tessiner-Zeitung_Beruf-als-Berufung-2048x1769.jpg 2048w\" sizes=\"auto, (max-width: 1024px) 100vw, 1024px\" \/><\/figure>","protected":false},"excerpt":{"rendered":"<p>\u00dcber mich In den 90er Jahren hatte ich meine erste Begegnung mit Yoga. Damals war es das Kinderyoga, und ich suchte Heilung f\u00fcr meine zu der Zeit vierj\u00e4hrige Tochter. Ich war sehr ber\u00fchrt von den vielen M\u00f6glichkeiten des Yoga, Probleme zu l\u00f6sen, Klarheit zu schaffen und eine neue Freiheit und Freude im Alltag zu bekommen. [&hellip;]<\/p>\n","protected":false},"author":1,"featured_media":0,"parent":0,"menu_order":0,"comment_status":"closed","ping_status":"closed","template":"default-page","meta":{"footnotes":""},"class_list":["post-19","page","type-page","status-publish","hentry"],"yoast_head":"<!-- This site is optimized with the Yoast SEO plugin v27.3 - https:\/\/yoast.com\/product\/yoast-seo-wordpress\/ -->\n<title>\u00dcber mich - Yoga Susanne<\/title>\n<meta name=\"robots\" content=\"index, follow, max-snippet:-1, max-image-preview:large, max-video-preview:-1\" \/>\n<link rel=\"canonical\" href=\"https:\/\/yoga-susanne.ch\/en\/uber-mich\/\" \/>\n<meta property=\"og:locale\" content=\"en_GB\" \/>\n<meta property=\"og:type\" content=\"article\" \/>\n<meta property=\"og:title\" content=\"\u00dcber mich - Yoga Susanne\" \/>\n<meta property=\"og:description\" content=\"\u00dcber mich In den 90er Jahren hatte ich meine erste Begegnung mit Yoga. Damals war es das Kinderyoga, und ich suchte Heilung f\u00fcr meine zu der Zeit vierj\u00e4hrige Tochter. Ich war sehr ber\u00fchrt von den vielen M\u00f6glichkeiten des Yoga, Probleme zu l\u00f6sen, Klarheit zu schaffen und eine neue Freiheit und Freude im Alltag zu bekommen. [&hellip;]\" \/>\n<meta property=\"og:url\" content=\"https:\/\/yoga-susanne.ch\/en\/uber-mich\/\" \/>\n<meta property=\"og:site_name\" content=\"Yoga Susanne\" \/>\n<meta property=\"article:publisher\" content=\"https:\/\/www.facebook.com\/yoga.susanne.ch\" \/>\n<meta property=\"article:modified_time\" content=\"2026-03-28T10:12:39+00:00\" \/>\n<meta property=\"og:image\" content=\"https:\/\/neu.yoga-susanne.ch\/wp-content\/uploads\/2026\/02\/Tessiner-Zeitung_Beruf-als-Berufung-1024x884.jpg\" \/>\n<meta name=\"twitter:card\" content=\"summary_large_image\" \/>\n<meta name=\"twitter:label1\" content=\"Estimated reading time\" \/>\n\t<meta name=\"twitter:data1\" content=\"2 minutes\" \/>\n<script type=\"application\/ld+json\" class=\"yoast-schema-graph\">{\"@context\":\"https:\\\/\\\/schema.org\",\"@graph\":[{\"@type\":\"WebPage\",\"@id\":\"https:\\\/\\\/yoga-susanne.ch\\\/uber-mich\\\/\",\"url\":\"https:\\\/\\\/yoga-susanne.ch\\\/uber-mich\\\/\",\"name\":\"\u00dcber mich - Yoga Susanne\",\"isPartOf\":{\"@id\":\"https:\\\/\\\/yoga-susanne.ch\\\/#website\"},\"primaryImageOfPage\":{\"@id\":\"https:\\\/\\\/yoga-susanne.ch\\\/uber-mich\\\/#primaryimage\"},\"image\":{\"@id\":\"https:\\\/\\\/yoga-susanne.ch\\\/uber-mich\\\/#primaryimage\"},\"thumbnailUrl\":\"https:\\\/\\\/neu.yoga-susanne.ch\\\/wp-content\\\/uploads\\\/2026\\\/02\\\/Tessiner-Zeitung_Beruf-als-Berufung-1024x884.jpg\",\"datePublished\":\"2025-02-15T17:18:00+00:00\",\"dateModified\":\"2026-03-28T10:12:39+00:00\",\"breadcrumb\":{\"@id\":\"https:\\\/\\\/yoga-susanne.ch\\\/uber-mich\\\/#breadcrumb\"},\"inLanguage\":\"en-GB\",\"potentialAction\":[{\"@type\":\"ReadAction\",\"target\":[\"https:\\\/\\\/yoga-susanne.ch\\\/uber-mich\\\/\"]}]},{\"@type\":\"ImageObject\",\"inLanguage\":\"en-GB\",\"@id\":\"https:\\\/\\\/yoga-susanne.ch\\\/uber-mich\\\/#primaryimage\",\"url\":\"https:\\\/\\\/neu.yoga-susanne.ch\\\/wp-content\\\/uploads\\\/2026\\\/02\\\/Tessiner-Zeitung_Beruf-als-Berufung-1024x884.jpg\",\"contentUrl\":\"https:\\\/\\\/neu.yoga-susanne.ch\\\/wp-content\\\/uploads\\\/2026\\\/02\\\/Tessiner-Zeitung_Beruf-als-Berufung-1024x884.jpg\"},{\"@type\":\"BreadcrumbList\",\"@id\":\"https:\\\/\\\/yoga-susanne.ch\\\/uber-mich\\\/#breadcrumb\",\"itemListElement\":[{\"@type\":\"ListItem\",\"position\":1,\"name\":\"Startseite\",\"item\":\"https:\\\/\\\/yoga-susanne.ch\\\/\"},{\"@type\":\"ListItem\",\"position\":2,\"name\":\"\u00dcber mich\"}]},{\"@type\":\"WebSite\",\"@id\":\"https:\\\/\\\/yoga-susanne.ch\\\/#website\",\"url\":\"https:\\\/\\\/yoga-susanne.ch\\\/\",\"name\":\"Yoga Susanne\",\"description\":\"Wie eine Wanderin durch die Zeiten, an keine festen Ort gebunden, authentisch und respektvoll gegen\u00fcber der Indischen Weisheitslehre, in Verbindung mit meinen Lebenserfahrungen, werde ich mein Yoga weitergeben wo auch immer ich hingef\u00fchrt werde.\",\"publisher\":{\"@id\":\"https:\\\/\\\/yoga-susanne.ch\\\/#organization\"},\"potentialAction\":[{\"@type\":\"SearchAction\",\"target\":{\"@type\":\"EntryPoint\",\"urlTemplate\":\"https:\\\/\\\/yoga-susanne.ch\\\/?s={search_term_string}\"},\"query-input\":{\"@type\":\"PropertyValueSpecification\",\"valueRequired\":true,\"valueName\":\"search_term_string\"}}],\"inLanguage\":\"en-GB\"},{\"@type\":\"Organization\",\"@id\":\"https:\\\/\\\/yoga-susanne.ch\\\/#organization\",\"name\":\"Yoga Susanne\",\"url\":\"https:\\\/\\\/yoga-susanne.ch\\\/\",\"logo\":{\"@type\":\"ImageObject\",\"inLanguage\":\"en-GB\",\"@id\":\"https:\\\/\\\/yoga-susanne.ch\\\/#\\\/schema\\\/logo\\\/image\\\/\",\"url\":\"https:\\\/\\\/neu.yoga-susanne.ch\\\/wp-content\\\/uploads\\\/2026\\\/02\\\/yogabaum_ohne_hintegrund.png\",\"contentUrl\":\"https:\\\/\\\/neu.yoga-susanne.ch\\\/wp-content\\\/uploads\\\/2026\\\/02\\\/yogabaum_ohne_hintegrund.png\",\"width\":787,\"height\":1024,\"caption\":\"Yoga Susanne\"},\"image\":{\"@id\":\"https:\\\/\\\/yoga-susanne.ch\\\/#\\\/schema\\\/logo\\\/image\\\/\"},\"sameAs\":[\"https:\\\/\\\/www.facebook.com\\\/yoga.susanne.ch\"]}]}<\/script>\n<!-- \/ Yoast SEO plugin. -->","yoast_head_json":{"title":"\u00dcber mich - Yoga Susanne","robots":{"index":"index","follow":"follow","max-snippet":"max-snippet:-1","max-image-preview":"max-image-preview:large","max-video-preview":"max-video-preview:-1"},"canonical":"https:\/\/yoga-susanne.ch\/en\/uber-mich\/","og_locale":"en_GB","og_type":"article","og_title":"\u00dcber mich - Yoga Susanne","og_description":"\u00dcber mich In den 90er Jahren hatte ich meine erste Begegnung mit Yoga. Damals war es das Kinderyoga, und ich suchte Heilung f\u00fcr meine zu der Zeit vierj\u00e4hrige Tochter. Ich war sehr ber\u00fchrt von den vielen M\u00f6glichkeiten des Yoga, Probleme zu l\u00f6sen, Klarheit zu schaffen und eine neue Freiheit und Freude im Alltag zu bekommen. [&hellip;]","og_url":"https:\/\/yoga-susanne.ch\/en\/uber-mich\/","og_site_name":"Yoga Susanne","article_publisher":"https:\/\/www.facebook.com\/yoga.susanne.ch","article_modified_time":"2026-03-28T10:12:39+00:00","og_image":[{"url":"https:\/\/neu.yoga-susanne.ch\/wp-content\/uploads\/2026\/02\/Tessiner-Zeitung_Beruf-als-Berufung-1024x884.jpg","type":"","width":"","height":""}],"twitter_card":"summary_large_image","twitter_misc":{"Estimated reading time":"2 minutes"},"schema":{"@context":"https:\/\/schema.org","@graph":[{"@type":"WebPage","@id":"https:\/\/yoga-susanne.ch\/uber-mich\/","url":"https:\/\/yoga-susanne.ch\/uber-mich\/","name":"\u00dcber mich - Yoga Susanne","isPartOf":{"@id":"https:\/\/yoga-susanne.ch\/#website"},"primaryImageOfPage":{"@id":"https:\/\/yoga-susanne.ch\/uber-mich\/#primaryimage"},"image":{"@id":"https:\/\/yoga-susanne.ch\/uber-mich\/#primaryimage"},"thumbnailUrl":"https:\/\/neu.yoga-susanne.ch\/wp-content\/uploads\/2026\/02\/Tessiner-Zeitung_Beruf-als-Berufung-1024x884.jpg","datePublished":"2025-02-15T17:18:00+00:00","dateModified":"2026-03-28T10:12:39+00:00","breadcrumb":{"@id":"https:\/\/yoga-susanne.ch\/uber-mich\/#breadcrumb"},"inLanguage":"en-GB","potentialAction":[{"@type":"ReadAction","target":["https:\/\/yoga-susanne.ch\/uber-mich\/"]}]},{"@type":"ImageObject","inLanguage":"en-GB","@id":"https:\/\/yoga-susanne.ch\/uber-mich\/#primaryimage","url":"https:\/\/neu.yoga-susanne.ch\/wp-content\/uploads\/2026\/02\/Tessiner-Zeitung_Beruf-als-Berufung-1024x884.jpg","contentUrl":"https:\/\/neu.yoga-susanne.ch\/wp-content\/uploads\/2026\/02\/Tessiner-Zeitung_Beruf-als-Berufung-1024x884.jpg"},{"@type":"BreadcrumbList","@id":"https:\/\/yoga-susanne.ch\/uber-mich\/#breadcrumb","itemListElement":[{"@type":"ListItem","position":1,"name":"Startseite","item":"https:\/\/yoga-susanne.ch\/"},{"@type":"ListItem","position":2,"name":"\u00dcber mich"}]},{"@type":"WebSite","@id":"https:\/\/yoga-susanne.ch\/#website","url":"https:\/\/yoga-susanne.ch\/","name":"Yoga Susanne","description":"Wie eine Wanderin durch die Zeiten, an keine festen Ort gebunden, authentisch und respektvoll gegen\u00fcber der Indischen Weisheitslehre, in Verbindung mit meinen Lebenserfahrungen, werde ich mein Yoga weitergeben wo auch immer ich hingef\u00fchrt werde.","publisher":{"@id":"https:\/\/yoga-susanne.ch\/#organization"},"potentialAction":[{"@type":"SearchAction","target":{"@type":"EntryPoint","urlTemplate":"https:\/\/yoga-susanne.ch\/?s={search_term_string}"},"query-input":{"@type":"PropertyValueSpecification","valueRequired":true,"valueName":"search_term_string"}}],"inLanguage":"en-GB"},{"@type":"Organization","@id":"https:\/\/yoga-susanne.ch\/#organization","name":"Yoga Susanne","url":"https:\/\/yoga-susanne.ch\/","logo":{"@type":"ImageObject","inLanguage":"en-GB","@id":"https:\/\/yoga-susanne.ch\/#\/schema\/logo\/image\/","url":"https:\/\/neu.yoga-susanne.ch\/wp-content\/uploads\/2026\/02\/yogabaum_ohne_hintegrund.png","contentUrl":"https:\/\/neu.yoga-susanne.ch\/wp-content\/uploads\/2026\/02\/yogabaum_ohne_hintegrund.png","width":787,"height":1024,"caption":"Yoga Susanne"},"image":{"@id":"https:\/\/yoga-susanne.ch\/#\/schema\/logo\/image\/"},"sameAs":["https:\/\/www.facebook.com\/yoga.susanne.ch"]}]}},"_links":{"self":[{"href":"https:\/\/yoga-susanne.ch\/en\/wp-json\/wp\/v2\/pages\/19","targetHints":{"allow":["GET"]}}],"collection":[{"href":"https:\/\/yoga-susanne.ch\/en\/wp-json\/wp\/v2\/pages"}],"about":[{"href":"https:\/\/yoga-susanne.ch\/en\/wp-json\/wp\/v2\/types\/page"}],"author":[{"embeddable":true,"href":"https:\/\/yoga-susanne.ch\/en\/wp-json\/wp\/v2\/users\/1"}],"replies":[{"embeddable":true,"href":"https:\/\/yoga-susanne.ch\/en\/wp-json\/wp\/v2\/comments?post=19"}],"version-history":[{"count":10,"href":"https:\/\/yoga-susanne.ch\/en\/wp-json\/wp\/v2\/pages\/19\/revisions"}],"predecessor-version":[{"id":656,"href":"https:\/\/yoga-susanne.ch\/en\/wp-json\/wp\/v2\/pages\/19\/revisions\/656"}],"wp:attachment":[{"href":"https:\/\/yoga-susanne.ch\/en\/wp-json\/wp\/v2\/media?parent=19"}],"curies":[{"name":"wp","href":"https:\/\/api.w.org\/{rel}","templated":true}]}}