{"id":377,"date":"2026-02-13T16:58:42","date_gmt":"2026-02-13T15:58:42","guid":{"rendered":"https:\/\/neu.yoga-susanne.ch\/?page_id=377"},"modified":"2026-04-08T10:45:00","modified_gmt":"2026-04-08T08:45:00","slug":"zitate-fur-euch","status":"publish","type":"page","link":"https:\/\/yoga-susanne.ch\/en\/zitate-fur-euch\/","title":{"rendered":"Zitate f\u00fcr Euch"},"content":{"rendered":"<h4 class=\"wp-block-heading has-text-align-center\" style=\"margin-bottom:var(--wp--preset--spacing--40)\">Zitate f\u00fcr Euch<\/h4>\n\n\n\n<p class=\"has-text-align-center\">Ich lache, wenn ich h\u00f6re, dass der Fisch im Wasser durstig ist. Du begreifst nicht die Tatsache, dass das lebendigste von Allem in deinem eigenen Haus ist, und so wanderst Du mit verwirrtem Blick von einer heiligen Stadt zur n\u00e4chsten! Kabir m\u00f6chte Dir die Wahrheit sagen: Wohin auch immer Du gehst, nach Kalkutta oder Tibet; solange Du nicht weisst, wo Deine Seele verborgen ist, wird die Welt f\u00fcr Dich niemals sein!<\/p>\n\n\n\n<p class=\"has-text-align-center\" style=\"margin-top:10px;margin-bottom:var(--wp--preset--spacing--50)\"><em><mark style=\"background-color:rgba(0, 0, 0, 0);color:#0693e3\" class=\"has-inline-color\">Ein Vers des meist zitierten gr\u00f6ssten indischen Dichters Kabir (1440-1518)<\/mark><\/em><\/p>\n\n\n\n<p class=\"has-text-align-center\">Wenn Du Dich dem hingibst, was ist und auf diese Weise vollkommen gegenw\u00e4rtig bist, verliert die Vergangenheit all ihre Macht. Dann erschlie\u00dft sich das Reich des Seins, das vom Denken bisher verborgen wurde. Pl\u00f6tzlich erf\u00fcllt Dich eine tiefe Stille ein grenzenloses Gef\u00fchl des Friedens. Und in diesem Frieden ist gro\u00dfe Freude. Und in dieser Freude ist Liebe. Und in ihrem innersten Kern ist das Heilige, das Unermessliche, das Namenlose.<\/p>\n\n\n\n<p class=\"has-text-align-center\" style=\"margin-top:10px;margin-bottom:var(--wp--preset--spacing--50)\"><em><mark style=\"background-color:rgba(0, 0, 0, 0);color:#0693e3\" class=\"has-inline-color\">Eckart Tolle<\/mark><\/em><\/p>\n\n\n\n<h4 class=\"wp-block-heading has-text-align-center\" style=\"margin-top:var(--wp--preset--spacing--40);margin-right:0;margin-bottom:var(--wp--preset--spacing--40)\">\u00dcber das Lernen<\/h4>\n\n\n\n<p class=\"has-text-align-center\">Lernen ist herausfinden, was du schon weisst. Tun ist zu zeigen, dass du es weisst. Lehren ist andere zu erinnern, dass sie es wissen, genau wie du es weisst. Ihr seid alle Lernende, Tuende, Lehrende.<\/p>\n\n\n\n<p class=\"has-text-align-center\" style=\"margin-top:10px;margin-bottom:var(--wp--preset--spacing--50)\"><\/p>\n\n\n\n<p class=\"has-text-align-center\">Wir bekommen im Leben nicht das was wir wollen, wir bekommen das was wir brauchen.<\/p>\n\n\n\n<p class=\"has-text-align-center\" style=\"margin-top:10px;margin-bottom:var(--wp--preset--spacing--50)\"><\/p>\n\n\n\n<p class=\"has-text-align-center\" style=\"margin-bottom:var(--wp--preset--spacing--40)\"><em>Forgive and forget and love.<\/em><\/p>\n\n\n\n<p class=\"has-text-align-center\" style=\"margin-bottom:var(--wp--preset--spacing--50)\"><mark style=\"background-color:rgba(0, 0, 0, 0);color:#0693e3\" class=\"has-inline-color\">Zitate die ich irgendwo und irgendwann gelesen habe und sich im Alltag manifestierten.<\/mark><\/p>\n\n\n\n<p class=\"has-text-align-center\" style=\"margin-bottom:var(--wp--preset--spacing--30)\">Wo immer Du auch bist, wer Du bist, w\u00fcnsche ich Dir, niemals aufzuh\u00f6ren nach dem Ort Deiner Seele zu suchen<\/p>\n\n\n\n<p class=\"has-text-align-center\" style=\"margin-bottom:var(--wp--preset--spacing--30)\">OM-SHANTI-NAMASTE<\/p>\n\n\n\n<p class=\"has-text-align-center\" style=\"margin-bottom:var(--wp--preset--spacing--30)\">SAT-CIT-ANANDA<\/p>\n\n\n\n<figure class=\"wp-block-image aligncenter size-full is-resized\" style=\"margin-bottom:var(--wp--preset--spacing--50)\"><img loading=\"lazy\" decoding=\"async\" width=\"1024\" height=\"768\" src=\"https:\/\/neu.yoga-susanne.ch\/wp-content\/uploads\/2026\/02\/himmel.jpeg\" alt=\"\" class=\"wp-image-486\" style=\"width:791px\" srcset=\"https:\/\/yoga-susanne.ch\/wp-content\/uploads\/2026\/02\/himmel.jpeg 1024w, https:\/\/yoga-susanne.ch\/wp-content\/uploads\/2026\/02\/himmel-300x225.jpeg 300w, https:\/\/yoga-susanne.ch\/wp-content\/uploads\/2026\/02\/himmel-768x576.jpeg 768w\" sizes=\"auto, (max-width: 1024px) 100vw, 1024px\" \/><\/figure>\n\n\n\n<p class=\"has-text-align-center\">Wir k\u00f6nnen einen Menschen nichts lehren, wir k\u00f6nnen ihn nur begleiten es selbst zu erfahren.<\/p>\n\n\n\n<p class=\"has-text-align-center\"><em><mark style=\"background-color:rgba(0, 0, 0, 0);color:#0693e3\" class=\"has-inline-color\">Galileo Galilei<\/mark><\/em><\/p>\n\n\n\n<p><\/p>","protected":false},"excerpt":{"rendered":"<p>Zitate f\u00fcr Euch Ich lache, wenn ich h\u00f6re, dass der Fisch im Wasser durstig ist. Du begreifst nicht die Tatsache, dass das lebendigste von Allem in deinem eigenen Haus ist, und so wanderst Du mit verwirrtem Blick von einer heiligen Stadt zur n\u00e4chsten! Kabir m\u00f6chte Dir die Wahrheit sagen: Wohin auch immer Du gehst, nach [&hellip;]<\/p>\n","protected":false},"author":1,"featured_media":0,"parent":0,"menu_order":0,"comment_status":"closed","ping_status":"closed","template":"default-page","meta":{"footnotes":""},"class_list":["post-377","page","type-page","status-publish","hentry"],"yoast_head":"<!-- This site is optimized with the Yoast SEO plugin v27.3 - https:\/\/yoast.com\/product\/yoast-seo-wordpress\/ -->\n<title>Zitate f\u00fcr Euch - Yoga Susanne<\/title>\n<meta name=\"robots\" content=\"index, follow, max-snippet:-1, max-image-preview:large, max-video-preview:-1\" \/>\n<link rel=\"canonical\" href=\"https:\/\/yoga-susanne.ch\/en\/zitate-fur-euch\/\" \/>\n<meta property=\"og:locale\" content=\"en_GB\" \/>\n<meta property=\"og:type\" content=\"article\" \/>\n<meta property=\"og:title\" content=\"Zitate f\u00fcr Euch - Yoga Susanne\" \/>\n<meta property=\"og:description\" content=\"Zitate f\u00fcr Euch Ich lache, wenn ich h\u00f6re, dass der Fisch im Wasser durstig ist. Du begreifst nicht die Tatsache, dass das lebendigste von Allem in deinem eigenen Haus ist, und so wanderst Du mit verwirrtem Blick von einer heiligen Stadt zur n\u00e4chsten! Kabir m\u00f6chte Dir die Wahrheit sagen: Wohin auch immer Du gehst, nach [&hellip;]\" \/>\n<meta property=\"og:url\" content=\"https:\/\/yoga-susanne.ch\/en\/zitate-fur-euch\/\" \/>\n<meta property=\"og:site_name\" content=\"Yoga Susanne\" \/>\n<meta property=\"article:publisher\" content=\"https:\/\/www.facebook.com\/yoga.susanne.ch\" \/>\n<meta property=\"article:modified_time\" content=\"2026-04-08T08:45:00+00:00\" \/>\n<meta property=\"og:image\" content=\"https:\/\/neu.yoga-susanne.ch\/wp-content\/uploads\/2026\/02\/himmel.jpeg\" \/>\n<meta name=\"twitter:card\" content=\"summary_large_image\" \/>\n<meta name=\"twitter:label1\" content=\"Estimated reading time\" \/>\n\t<meta name=\"twitter:data1\" content=\"2 minutes\" \/>\n<script type=\"application\/ld+json\" class=\"yoast-schema-graph\">{\"@context\":\"https:\\\/\\\/schema.org\",\"@graph\":[{\"@type\":\"WebPage\",\"@id\":\"https:\\\/\\\/yoga-susanne.ch\\\/zitate-fur-euch\\\/\",\"url\":\"https:\\\/\\\/yoga-susanne.ch\\\/zitate-fur-euch\\\/\",\"name\":\"Zitate f\u00fcr Euch - Yoga Susanne\",\"isPartOf\":{\"@id\":\"https:\\\/\\\/yoga-susanne.ch\\\/#website\"},\"primaryImageOfPage\":{\"@id\":\"https:\\\/\\\/yoga-susanne.ch\\\/zitate-fur-euch\\\/#primaryimage\"},\"image\":{\"@id\":\"https:\\\/\\\/yoga-susanne.ch\\\/zitate-fur-euch\\\/#primaryimage\"},\"thumbnailUrl\":\"https:\\\/\\\/neu.yoga-susanne.ch\\\/wp-content\\\/uploads\\\/2026\\\/02\\\/himmel.jpeg\",\"datePublished\":\"2026-02-13T15:58:42+00:00\",\"dateModified\":\"2026-04-08T08:45:00+00:00\",\"breadcrumb\":{\"@id\":\"https:\\\/\\\/yoga-susanne.ch\\\/zitate-fur-euch\\\/#breadcrumb\"},\"inLanguage\":\"en-GB\",\"potentialAction\":[{\"@type\":\"ReadAction\",\"target\":[\"https:\\\/\\\/yoga-susanne.ch\\\/zitate-fur-euch\\\/\"]}]},{\"@type\":\"ImageObject\",\"inLanguage\":\"en-GB\",\"@id\":\"https:\\\/\\\/yoga-susanne.ch\\\/zitate-fur-euch\\\/#primaryimage\",\"url\":\"https:\\\/\\\/neu.yoga-susanne.ch\\\/wp-content\\\/uploads\\\/2026\\\/02\\\/himmel.jpeg\",\"contentUrl\":\"https:\\\/\\\/neu.yoga-susanne.ch\\\/wp-content\\\/uploads\\\/2026\\\/02\\\/himmel.jpeg\"},{\"@type\":\"BreadcrumbList\",\"@id\":\"https:\\\/\\\/yoga-susanne.ch\\\/zitate-fur-euch\\\/#breadcrumb\",\"itemListElement\":[{\"@type\":\"ListItem\",\"position\":1,\"name\":\"Startseite\",\"item\":\"https:\\\/\\\/yoga-susanne.ch\\\/\"},{\"@type\":\"ListItem\",\"position\":2,\"name\":\"Zitate f\u00fcr Euch\"}]},{\"@type\":\"WebSite\",\"@id\":\"https:\\\/\\\/yoga-susanne.ch\\\/#website\",\"url\":\"https:\\\/\\\/yoga-susanne.ch\\\/\",\"name\":\"Yoga Susanne\",\"description\":\"Wie eine Wanderin durch die Zeiten, an keine festen Ort gebunden, authentisch und respektvoll gegen\u00fcber der Indischen Weisheitslehre, in Verbindung mit meinen Lebenserfahrungen, werde ich mein Yoga weitergeben wo auch immer ich hingef\u00fchrt werde.\",\"publisher\":{\"@id\":\"https:\\\/\\\/yoga-susanne.ch\\\/#organization\"},\"potentialAction\":[{\"@type\":\"SearchAction\",\"target\":{\"@type\":\"EntryPoint\",\"urlTemplate\":\"https:\\\/\\\/yoga-susanne.ch\\\/?s={search_term_string}\"},\"query-input\":{\"@type\":\"PropertyValueSpecification\",\"valueRequired\":true,\"valueName\":\"search_term_string\"}}],\"inLanguage\":\"en-GB\"},{\"@type\":\"Organization\",\"@id\":\"https:\\\/\\\/yoga-susanne.ch\\\/#organization\",\"name\":\"Yoga Susanne\",\"url\":\"https:\\\/\\\/yoga-susanne.ch\\\/\",\"logo\":{\"@type\":\"ImageObject\",\"inLanguage\":\"en-GB\",\"@id\":\"https:\\\/\\\/yoga-susanne.ch\\\/#\\\/schema\\\/logo\\\/image\\\/\",\"url\":\"https:\\\/\\\/neu.yoga-susanne.ch\\\/wp-content\\\/uploads\\\/2026\\\/02\\\/yogabaum_ohne_hintegrund.png\",\"contentUrl\":\"https:\\\/\\\/neu.yoga-susanne.ch\\\/wp-content\\\/uploads\\\/2026\\\/02\\\/yogabaum_ohne_hintegrund.png\",\"width\":787,\"height\":1024,\"caption\":\"Yoga Susanne\"},\"image\":{\"@id\":\"https:\\\/\\\/yoga-susanne.ch\\\/#\\\/schema\\\/logo\\\/image\\\/\"},\"sameAs\":[\"https:\\\/\\\/www.facebook.com\\\/yoga.susanne.ch\"]}]}<\/script>\n<!-- \/ Yoast SEO plugin. -->","yoast_head_json":{"title":"Zitate f\u00fcr Euch - Yoga Susanne","robots":{"index":"index","follow":"follow","max-snippet":"max-snippet:-1","max-image-preview":"max-image-preview:large","max-video-preview":"max-video-preview:-1"},"canonical":"https:\/\/yoga-susanne.ch\/en\/zitate-fur-euch\/","og_locale":"en_GB","og_type":"article","og_title":"Zitate f\u00fcr Euch - Yoga Susanne","og_description":"Zitate f\u00fcr Euch Ich lache, wenn ich h\u00f6re, dass der Fisch im Wasser durstig ist. Du begreifst nicht die Tatsache, dass das lebendigste von Allem in deinem eigenen Haus ist, und so wanderst Du mit verwirrtem Blick von einer heiligen Stadt zur n\u00e4chsten! Kabir m\u00f6chte Dir die Wahrheit sagen: Wohin auch immer Du gehst, nach [&hellip;]","og_url":"https:\/\/yoga-susanne.ch\/en\/zitate-fur-euch\/","og_site_name":"Yoga Susanne","article_publisher":"https:\/\/www.facebook.com\/yoga.susanne.ch","article_modified_time":"2026-04-08T08:45:00+00:00","og_image":[{"url":"https:\/\/neu.yoga-susanne.ch\/wp-content\/uploads\/2026\/02\/himmel.jpeg","type":"","width":"","height":""}],"twitter_card":"summary_large_image","twitter_misc":{"Estimated reading time":"2 minutes"},"schema":{"@context":"https:\/\/schema.org","@graph":[{"@type":"WebPage","@id":"https:\/\/yoga-susanne.ch\/zitate-fur-euch\/","url":"https:\/\/yoga-susanne.ch\/zitate-fur-euch\/","name":"Zitate f\u00fcr Euch - Yoga Susanne","isPartOf":{"@id":"https:\/\/yoga-susanne.ch\/#website"},"primaryImageOfPage":{"@id":"https:\/\/yoga-susanne.ch\/zitate-fur-euch\/#primaryimage"},"image":{"@id":"https:\/\/yoga-susanne.ch\/zitate-fur-euch\/#primaryimage"},"thumbnailUrl":"https:\/\/neu.yoga-susanne.ch\/wp-content\/uploads\/2026\/02\/himmel.jpeg","datePublished":"2026-02-13T15:58:42+00:00","dateModified":"2026-04-08T08:45:00+00:00","breadcrumb":{"@id":"https:\/\/yoga-susanne.ch\/zitate-fur-euch\/#breadcrumb"},"inLanguage":"en-GB","potentialAction":[{"@type":"ReadAction","target":["https:\/\/yoga-susanne.ch\/zitate-fur-euch\/"]}]},{"@type":"ImageObject","inLanguage":"en-GB","@id":"https:\/\/yoga-susanne.ch\/zitate-fur-euch\/#primaryimage","url":"https:\/\/neu.yoga-susanne.ch\/wp-content\/uploads\/2026\/02\/himmel.jpeg","contentUrl":"https:\/\/neu.yoga-susanne.ch\/wp-content\/uploads\/2026\/02\/himmel.jpeg"},{"@type":"BreadcrumbList","@id":"https:\/\/yoga-susanne.ch\/zitate-fur-euch\/#breadcrumb","itemListElement":[{"@type":"ListItem","position":1,"name":"Startseite","item":"https:\/\/yoga-susanne.ch\/"},{"@type":"ListItem","position":2,"name":"Zitate f\u00fcr Euch"}]},{"@type":"WebSite","@id":"https:\/\/yoga-susanne.ch\/#website","url":"https:\/\/yoga-susanne.ch\/","name":"Yoga Susanne","description":"Wie eine Wanderin durch die Zeiten, an keine festen Ort gebunden, authentisch und respektvoll gegen\u00fcber der Indischen Weisheitslehre, in Verbindung mit meinen Lebenserfahrungen, werde ich mein Yoga weitergeben wo auch immer ich hingef\u00fchrt werde.","publisher":{"@id":"https:\/\/yoga-susanne.ch\/#organization"},"potentialAction":[{"@type":"SearchAction","target":{"@type":"EntryPoint","urlTemplate":"https:\/\/yoga-susanne.ch\/?s={search_term_string}"},"query-input":{"@type":"PropertyValueSpecification","valueRequired":true,"valueName":"search_term_string"}}],"inLanguage":"en-GB"},{"@type":"Organization","@id":"https:\/\/yoga-susanne.ch\/#organization","name":"Yoga Susanne","url":"https:\/\/yoga-susanne.ch\/","logo":{"@type":"ImageObject","inLanguage":"en-GB","@id":"https:\/\/yoga-susanne.ch\/#\/schema\/logo\/image\/","url":"https:\/\/neu.yoga-susanne.ch\/wp-content\/uploads\/2026\/02\/yogabaum_ohne_hintegrund.png","contentUrl":"https:\/\/neu.yoga-susanne.ch\/wp-content\/uploads\/2026\/02\/yogabaum_ohne_hintegrund.png","width":787,"height":1024,"caption":"Yoga Susanne"},"image":{"@id":"https:\/\/yoga-susanne.ch\/#\/schema\/logo\/image\/"},"sameAs":["https:\/\/www.facebook.com\/yoga.susanne.ch"]}]}},"_links":{"self":[{"href":"https:\/\/yoga-susanne.ch\/en\/wp-json\/wp\/v2\/pages\/377","targetHints":{"allow":["GET"]}}],"collection":[{"href":"https:\/\/yoga-susanne.ch\/en\/wp-json\/wp\/v2\/pages"}],"about":[{"href":"https:\/\/yoga-susanne.ch\/en\/wp-json\/wp\/v2\/types\/page"}],"author":[{"embeddable":true,"href":"https:\/\/yoga-susanne.ch\/en\/wp-json\/wp\/v2\/users\/1"}],"replies":[{"embeddable":true,"href":"https:\/\/yoga-susanne.ch\/en\/wp-json\/wp\/v2\/comments?post=377"}],"version-history":[{"count":9,"href":"https:\/\/yoga-susanne.ch\/en\/wp-json\/wp\/v2\/pages\/377\/revisions"}],"predecessor-version":[{"id":699,"href":"https:\/\/yoga-susanne.ch\/en\/wp-json\/wp\/v2\/pages\/377\/revisions\/699"}],"wp:attachment":[{"href":"https:\/\/yoga-susanne.ch\/en\/wp-json\/wp\/v2\/media?parent=377"}],"curies":[{"name":"wp","href":"https:\/\/api.w.org\/{rel}","templated":true}]}}