{"id":379,"date":"2026-02-13T16:59:06","date_gmt":"2026-02-13T15:59:06","guid":{"rendered":"https:\/\/neu.yoga-susanne.ch\/?page_id=379"},"modified":"2026-03-28T11:16:52","modified_gmt":"2026-03-28T10:16:52","slug":"mein-konzept","status":"publish","type":"page","link":"https:\/\/yoga-susanne.ch\/en\/mein-konzept\/","title":{"rendered":"Mein Konzept"},"content":{"rendered":"<h4 class=\"wp-block-heading\" style=\"margin-bottom:var(--wp--preset--spacing--30)\">Mein Konzept<\/h4>\n\n\n\n<p style=\"margin-bottom:var(--wp--preset--spacing--30)\">Den K\u00f6rper dehnen, st\u00e4rken, durchl\u00e4ssig machen mit k\u00f6rperlichen \u00dcbungen (Asanas)<\/p>\n\n\n\n<p style=\"margin-bottom:var(--wp--preset--spacing--30)\">Den Atem sp\u00fcren lernen, regulieren, verfeinern mit speziellen Atemtechniken (Pranayamas)<\/p>\n\n\n\n<p style=\"margin-bottom:var(--wp--preset--spacing--30)\">Den Geist kl\u00e4ren und ausrichten mit Meditation und positivem Denken (Dhyana, Vedanta)<\/p>\n\n\n\n<p style=\"margin-bottom:var(--wp--preset--spacing--30)\">Bewusstes Entspannen (Savasana)<\/p>\n\n\n\n<p style=\"margin-bottom:var(--wp--preset--spacing--30)\">Mit Yoga Nidra neue Wege und M\u00f6glichkeiten im Alltag finden<\/p>\n\n\n\n<p style=\"margin-bottom:var(--wp--preset--spacing--30)\">Restoratives Yoga bringt innere Prozesse in Bewegung.<\/p>\n\n\n\n<p style=\"margin-bottom:var(--wp--preset--spacing--30)\">Yoga-Nidra ist ein spezieller Zustand zwischen Wachsein und Tiefschlaf, in dem der \u00dcbende durch Tiefenentspannung, K\u00f6rperwahrnehmung, Vorstellungs\u00fcbungen, Reisen durch den K\u00f6rper die M\u00f6glichkeit bekommt in die Tiefe seines Bewusstseins einzutreten. Das Uralte Yogawissen wird im Yoga-Nidra mit den Erkenntnissen der modernen Gehirnforschung verbunden und ist somit der Schl\u00fcssel f\u00fcr die &#8222;Neue Zeit&#8220;.<\/p>\n\n\n\n<p style=\"margin-bottom:var(--wp--preset--spacing--30)\">Restoratives Yoga, das den Ursprung im Iyengar Yoga hat, stellen wir wieder das her was verloren gegangen ist. Es wird restauriert im K\u00f6rper, im Geist und in der Seele. &#8222;Weniger ist mehr&#8220; ist das Motto. Durch das Wenige und das lange Verweilen in einer Position dringen wir tiefer ein in die R\u00e4ume und verschiedenen Facetten unseres K\u00f6rpers.<\/p>\n\n\n\n<p style=\"margin-bottom:var(--wp--preset--spacing--30)\">Restoratives Yoga ist in dieser Zeit eine grosse Unterst\u00fctzung. Der Geist und der K\u00f6rper bekommen Raum und Weite durch langes Verweilen in der Stille. Es ist immer mehr ein Teil meines Unterrichtens und meiner eigenen Yogapraxis geworden. Diese wundervolle Erfahrung m\u00f6chte ich an Euch weitergeben.<\/p>\n\n\n\n<p style=\"margin-bottom:var(--wp--preset--spacing--30)\">So haben wir im Yoga viele M\u00f6glichkeiten unsere Grenzen zu erfahren und sie auch zu \u00fcberwinden. Nimm Yoga (die \u00dcbersetzung ist &#8222;sich verbinden&#8220;) mit in deinen Alltag, in deinen Beruf in deine Familie. Die Lehren und Philosophien der indischen Weisheitslehre unterst\u00fctzen dich dabei. Individuell und mit viel Freude und Authentizit\u00e4t begleite ich die Menschen bei dem Abenteuer Yoga.<\/p>\n\n\n\n<p class=\"has-text-align-center\">Es lohnt sich.<\/p>\n\n\n\n<div style=\"height:66px\" aria-hidden=\"true\" class=\"wp-block-spacer\"><\/div>\n\n\n\n<figure class=\"wp-block-gallery has-nested-images columns-default is-cropped wp-block-gallery-1 is-layout-flex wp-block-gallery-is-layout-flex\">\n<figure class=\"wp-block-image size-large\"><img loading=\"lazy\" decoding=\"async\" width=\"768\" height=\"1024\" data-id=\"479\" src=\"https:\/\/neu.yoga-susanne.ch\/wp-content\/uploads\/2026\/02\/ich-mit-blick-zum-see-768x1024.jpg\" alt=\"\" class=\"wp-image-479\" style=\"aspect-ratio:2\/3\" srcset=\"https:\/\/yoga-susanne.ch\/wp-content\/uploads\/2026\/02\/ich-mit-blick-zum-see-768x1024.jpg 768w, https:\/\/yoga-susanne.ch\/wp-content\/uploads\/2026\/02\/ich-mit-blick-zum-see-225x300.jpg 225w, https:\/\/yoga-susanne.ch\/wp-content\/uploads\/2026\/02\/ich-mit-blick-zum-see-1152x1536.jpg 1152w, https:\/\/yoga-susanne.ch\/wp-content\/uploads\/2026\/02\/ich-mit-blick-zum-see-1536x2048.jpg 1536w, https:\/\/yoga-susanne.ch\/wp-content\/uploads\/2026\/02\/ich-mit-blick-zum-see-scaled.jpg 1920w\" sizes=\"auto, (max-width: 768px) 100vw, 768px\" \/><\/figure>\n\n\n\n<figure class=\"wp-block-image size-large\"><img loading=\"lazy\" decoding=\"async\" width=\"567\" height=\"1024\" data-id=\"477\" src=\"https:\/\/neu.yoga-susanne.ch\/wp-content\/uploads\/2026\/02\/susanne_mein_konzept.jpeg\" alt=\"\" class=\"wp-image-477\" style=\"aspect-ratio:2\/3\" srcset=\"https:\/\/yoga-susanne.ch\/wp-content\/uploads\/2026\/02\/susanne_mein_konzept.jpeg 567w, https:\/\/yoga-susanne.ch\/wp-content\/uploads\/2026\/02\/susanne_mein_konzept-166x300.jpeg 166w\" sizes=\"auto, (max-width: 567px) 100vw, 567px\" \/><\/figure>\n<\/figure>","protected":false},"excerpt":{"rendered":"<p>Mein Konzept Den K\u00f6rper dehnen, st\u00e4rken, durchl\u00e4ssig machen mit k\u00f6rperlichen \u00dcbungen (Asanas) Den Atem sp\u00fcren lernen, regulieren, verfeinern mit speziellen Atemtechniken (Pranayamas) Den Geist kl\u00e4ren und ausrichten mit Meditation und positivem Denken (Dhyana, Vedanta) Bewusstes Entspannen (Savasana) Mit Yoga Nidra neue Wege und M\u00f6glichkeiten im Alltag finden Restoratives Yoga bringt innere Prozesse in Bewegung. Yoga-Nidra [&hellip;]<\/p>\n","protected":false},"author":1,"featured_media":0,"parent":0,"menu_order":0,"comment_status":"closed","ping_status":"closed","template":"default-page","meta":{"footnotes":""},"class_list":["post-379","page","type-page","status-publish","hentry"],"yoast_head":"<!-- This site is optimized with the Yoast SEO plugin v27.3 - https:\/\/yoast.com\/product\/yoast-seo-wordpress\/ -->\n<title>Mein Konzept - Yoga Susanne<\/title>\n<meta name=\"robots\" content=\"index, follow, max-snippet:-1, max-image-preview:large, max-video-preview:-1\" \/>\n<link rel=\"canonical\" href=\"https:\/\/yoga-susanne.ch\/en\/mein-konzept\/\" \/>\n<meta property=\"og:locale\" content=\"en_GB\" \/>\n<meta property=\"og:type\" content=\"article\" \/>\n<meta property=\"og:title\" content=\"Mein Konzept - Yoga Susanne\" \/>\n<meta property=\"og:description\" content=\"Mein Konzept Den K\u00f6rper dehnen, st\u00e4rken, durchl\u00e4ssig machen mit k\u00f6rperlichen \u00dcbungen (Asanas) Den Atem sp\u00fcren lernen, regulieren, verfeinern mit speziellen Atemtechniken (Pranayamas) Den Geist kl\u00e4ren und ausrichten mit Meditation und positivem Denken (Dhyana, Vedanta) Bewusstes Entspannen (Savasana) Mit Yoga Nidra neue Wege und M\u00f6glichkeiten im Alltag finden Restoratives Yoga bringt innere Prozesse in Bewegung. Yoga-Nidra [&hellip;]\" \/>\n<meta property=\"og:url\" content=\"https:\/\/yoga-susanne.ch\/en\/mein-konzept\/\" \/>\n<meta property=\"og:site_name\" content=\"Yoga Susanne\" \/>\n<meta property=\"article:publisher\" content=\"https:\/\/www.facebook.com\/yoga.susanne.ch\" \/>\n<meta property=\"article:modified_time\" content=\"2026-03-28T10:16:52+00:00\" \/>\n<meta property=\"og:image\" content=\"https:\/\/neu.yoga-susanne.ch\/wp-content\/uploads\/2026\/02\/ich-mit-blick-zum-see-768x1024.jpg\" \/>\n<meta name=\"twitter:card\" content=\"summary_large_image\" \/>\n<meta name=\"twitter:label1\" content=\"Estimated reading time\" \/>\n\t<meta name=\"twitter:data1\" content=\"2 minutes\" \/>\n<script type=\"application\/ld+json\" class=\"yoast-schema-graph\">{\"@context\":\"https:\\\/\\\/schema.org\",\"@graph\":[{\"@type\":\"WebPage\",\"@id\":\"https:\\\/\\\/yoga-susanne.ch\\\/mein-konzept\\\/\",\"url\":\"https:\\\/\\\/yoga-susanne.ch\\\/mein-konzept\\\/\",\"name\":\"Mein Konzept - Yoga Susanne\",\"isPartOf\":{\"@id\":\"https:\\\/\\\/yoga-susanne.ch\\\/#website\"},\"primaryImageOfPage\":{\"@id\":\"https:\\\/\\\/yoga-susanne.ch\\\/mein-konzept\\\/#primaryimage\"},\"image\":{\"@id\":\"https:\\\/\\\/yoga-susanne.ch\\\/mein-konzept\\\/#primaryimage\"},\"thumbnailUrl\":\"https:\\\/\\\/neu.yoga-susanne.ch\\\/wp-content\\\/uploads\\\/2026\\\/02\\\/ich-mit-blick-zum-see-768x1024.jpg\",\"datePublished\":\"2026-02-13T15:59:06+00:00\",\"dateModified\":\"2026-03-28T10:16:52+00:00\",\"breadcrumb\":{\"@id\":\"https:\\\/\\\/yoga-susanne.ch\\\/mein-konzept\\\/#breadcrumb\"},\"inLanguage\":\"en-GB\",\"potentialAction\":[{\"@type\":\"ReadAction\",\"target\":[\"https:\\\/\\\/yoga-susanne.ch\\\/mein-konzept\\\/\"]}]},{\"@type\":\"ImageObject\",\"inLanguage\":\"en-GB\",\"@id\":\"https:\\\/\\\/yoga-susanne.ch\\\/mein-konzept\\\/#primaryimage\",\"url\":\"https:\\\/\\\/neu.yoga-susanne.ch\\\/wp-content\\\/uploads\\\/2026\\\/02\\\/ich-mit-blick-zum-see-768x1024.jpg\",\"contentUrl\":\"https:\\\/\\\/neu.yoga-susanne.ch\\\/wp-content\\\/uploads\\\/2026\\\/02\\\/ich-mit-blick-zum-see-768x1024.jpg\"},{\"@type\":\"BreadcrumbList\",\"@id\":\"https:\\\/\\\/yoga-susanne.ch\\\/mein-konzept\\\/#breadcrumb\",\"itemListElement\":[{\"@type\":\"ListItem\",\"position\":1,\"name\":\"Startseite\",\"item\":\"https:\\\/\\\/yoga-susanne.ch\\\/\"},{\"@type\":\"ListItem\",\"position\":2,\"name\":\"Mein Konzept\"}]},{\"@type\":\"WebSite\",\"@id\":\"https:\\\/\\\/yoga-susanne.ch\\\/#website\",\"url\":\"https:\\\/\\\/yoga-susanne.ch\\\/\",\"name\":\"Yoga Susanne\",\"description\":\"Wie eine Wanderin durch die Zeiten, an keine festen Ort gebunden, authentisch und respektvoll gegen\u00fcber der Indischen Weisheitslehre, in Verbindung mit meinen Lebenserfahrungen, werde ich mein Yoga weitergeben wo auch immer ich hingef\u00fchrt werde.\",\"publisher\":{\"@id\":\"https:\\\/\\\/yoga-susanne.ch\\\/#organization\"},\"potentialAction\":[{\"@type\":\"SearchAction\",\"target\":{\"@type\":\"EntryPoint\",\"urlTemplate\":\"https:\\\/\\\/yoga-susanne.ch\\\/?s={search_term_string}\"},\"query-input\":{\"@type\":\"PropertyValueSpecification\",\"valueRequired\":true,\"valueName\":\"search_term_string\"}}],\"inLanguage\":\"en-GB\"},{\"@type\":\"Organization\",\"@id\":\"https:\\\/\\\/yoga-susanne.ch\\\/#organization\",\"name\":\"Yoga Susanne\",\"url\":\"https:\\\/\\\/yoga-susanne.ch\\\/\",\"logo\":{\"@type\":\"ImageObject\",\"inLanguage\":\"en-GB\",\"@id\":\"https:\\\/\\\/yoga-susanne.ch\\\/#\\\/schema\\\/logo\\\/image\\\/\",\"url\":\"https:\\\/\\\/neu.yoga-susanne.ch\\\/wp-content\\\/uploads\\\/2026\\\/02\\\/yogabaum_ohne_hintegrund.png\",\"contentUrl\":\"https:\\\/\\\/neu.yoga-susanne.ch\\\/wp-content\\\/uploads\\\/2026\\\/02\\\/yogabaum_ohne_hintegrund.png\",\"width\":787,\"height\":1024,\"caption\":\"Yoga Susanne\"},\"image\":{\"@id\":\"https:\\\/\\\/yoga-susanne.ch\\\/#\\\/schema\\\/logo\\\/image\\\/\"},\"sameAs\":[\"https:\\\/\\\/www.facebook.com\\\/yoga.susanne.ch\"]}]}<\/script>\n<!-- \/ Yoast SEO plugin. -->","yoast_head_json":{"title":"Mein Konzept - Yoga Susanne","robots":{"index":"index","follow":"follow","max-snippet":"max-snippet:-1","max-image-preview":"max-image-preview:large","max-video-preview":"max-video-preview:-1"},"canonical":"https:\/\/yoga-susanne.ch\/en\/mein-konzept\/","og_locale":"en_GB","og_type":"article","og_title":"Mein Konzept - Yoga Susanne","og_description":"Mein Konzept Den K\u00f6rper dehnen, st\u00e4rken, durchl\u00e4ssig machen mit k\u00f6rperlichen \u00dcbungen (Asanas) Den Atem sp\u00fcren lernen, regulieren, verfeinern mit speziellen Atemtechniken (Pranayamas) Den Geist kl\u00e4ren und ausrichten mit Meditation und positivem Denken (Dhyana, Vedanta) Bewusstes Entspannen (Savasana) Mit Yoga Nidra neue Wege und M\u00f6glichkeiten im Alltag finden Restoratives Yoga bringt innere Prozesse in Bewegung. Yoga-Nidra [&hellip;]","og_url":"https:\/\/yoga-susanne.ch\/en\/mein-konzept\/","og_site_name":"Yoga Susanne","article_publisher":"https:\/\/www.facebook.com\/yoga.susanne.ch","article_modified_time":"2026-03-28T10:16:52+00:00","og_image":[{"url":"https:\/\/neu.yoga-susanne.ch\/wp-content\/uploads\/2026\/02\/ich-mit-blick-zum-see-768x1024.jpg","type":"","width":"","height":""}],"twitter_card":"summary_large_image","twitter_misc":{"Estimated reading time":"2 minutes"},"schema":{"@context":"https:\/\/schema.org","@graph":[{"@type":"WebPage","@id":"https:\/\/yoga-susanne.ch\/mein-konzept\/","url":"https:\/\/yoga-susanne.ch\/mein-konzept\/","name":"Mein Konzept - Yoga Susanne","isPartOf":{"@id":"https:\/\/yoga-susanne.ch\/#website"},"primaryImageOfPage":{"@id":"https:\/\/yoga-susanne.ch\/mein-konzept\/#primaryimage"},"image":{"@id":"https:\/\/yoga-susanne.ch\/mein-konzept\/#primaryimage"},"thumbnailUrl":"https:\/\/neu.yoga-susanne.ch\/wp-content\/uploads\/2026\/02\/ich-mit-blick-zum-see-768x1024.jpg","datePublished":"2026-02-13T15:59:06+00:00","dateModified":"2026-03-28T10:16:52+00:00","breadcrumb":{"@id":"https:\/\/yoga-susanne.ch\/mein-konzept\/#breadcrumb"},"inLanguage":"en-GB","potentialAction":[{"@type":"ReadAction","target":["https:\/\/yoga-susanne.ch\/mein-konzept\/"]}]},{"@type":"ImageObject","inLanguage":"en-GB","@id":"https:\/\/yoga-susanne.ch\/mein-konzept\/#primaryimage","url":"https:\/\/neu.yoga-susanne.ch\/wp-content\/uploads\/2026\/02\/ich-mit-blick-zum-see-768x1024.jpg","contentUrl":"https:\/\/neu.yoga-susanne.ch\/wp-content\/uploads\/2026\/02\/ich-mit-blick-zum-see-768x1024.jpg"},{"@type":"BreadcrumbList","@id":"https:\/\/yoga-susanne.ch\/mein-konzept\/#breadcrumb","itemListElement":[{"@type":"ListItem","position":1,"name":"Startseite","item":"https:\/\/yoga-susanne.ch\/"},{"@type":"ListItem","position":2,"name":"Mein Konzept"}]},{"@type":"WebSite","@id":"https:\/\/yoga-susanne.ch\/#website","url":"https:\/\/yoga-susanne.ch\/","name":"Yoga Susanne","description":"Wie eine Wanderin durch die Zeiten, an keine festen Ort gebunden, authentisch und respektvoll gegen\u00fcber der Indischen Weisheitslehre, in Verbindung mit meinen Lebenserfahrungen, werde ich mein Yoga weitergeben wo auch immer ich hingef\u00fchrt werde.","publisher":{"@id":"https:\/\/yoga-susanne.ch\/#organization"},"potentialAction":[{"@type":"SearchAction","target":{"@type":"EntryPoint","urlTemplate":"https:\/\/yoga-susanne.ch\/?s={search_term_string}"},"query-input":{"@type":"PropertyValueSpecification","valueRequired":true,"valueName":"search_term_string"}}],"inLanguage":"en-GB"},{"@type":"Organization","@id":"https:\/\/yoga-susanne.ch\/#organization","name":"Yoga Susanne","url":"https:\/\/yoga-susanne.ch\/","logo":{"@type":"ImageObject","inLanguage":"en-GB","@id":"https:\/\/yoga-susanne.ch\/#\/schema\/logo\/image\/","url":"https:\/\/neu.yoga-susanne.ch\/wp-content\/uploads\/2026\/02\/yogabaum_ohne_hintegrund.png","contentUrl":"https:\/\/neu.yoga-susanne.ch\/wp-content\/uploads\/2026\/02\/yogabaum_ohne_hintegrund.png","width":787,"height":1024,"caption":"Yoga Susanne"},"image":{"@id":"https:\/\/yoga-susanne.ch\/#\/schema\/logo\/image\/"},"sameAs":["https:\/\/www.facebook.com\/yoga.susanne.ch"]}]}},"_links":{"self":[{"href":"https:\/\/yoga-susanne.ch\/en\/wp-json\/wp\/v2\/pages\/379","targetHints":{"allow":["GET"]}}],"collection":[{"href":"https:\/\/yoga-susanne.ch\/en\/wp-json\/wp\/v2\/pages"}],"about":[{"href":"https:\/\/yoga-susanne.ch\/en\/wp-json\/wp\/v2\/types\/page"}],"author":[{"embeddable":true,"href":"https:\/\/yoga-susanne.ch\/en\/wp-json\/wp\/v2\/users\/1"}],"replies":[{"embeddable":true,"href":"https:\/\/yoga-susanne.ch\/en\/wp-json\/wp\/v2\/comments?post=379"}],"version-history":[{"count":6,"href":"https:\/\/yoga-susanne.ch\/en\/wp-json\/wp\/v2\/pages\/379\/revisions"}],"predecessor-version":[{"id":660,"href":"https:\/\/yoga-susanne.ch\/en\/wp-json\/wp\/v2\/pages\/379\/revisions\/660"}],"wp:attachment":[{"href":"https:\/\/yoga-susanne.ch\/en\/wp-json\/wp\/v2\/media?parent=379"}],"curies":[{"name":"wp","href":"https:\/\/api.w.org\/{rel}","templated":true}]}}