{"id":381,"date":"2026-02-13T16:59:33","date_gmt":"2026-02-13T15:59:33","guid":{"rendered":"https:\/\/neu.yoga-susanne.ch\/?page_id=381"},"modified":"2026-03-28T11:14:19","modified_gmt":"2026-03-28T10:14:19","slug":"tipps-fur-den-alltag","status":"publish","type":"page","link":"https:\/\/yoga-susanne.ch\/en\/tipps-fur-den-alltag\/","title":{"rendered":"Tipps f\u00fcr den Alltag"},"content":{"rendered":"<h4 class=\"wp-block-heading\" style=\"margin-bottom:15px\">Asanas<\/h4>\n\n\n\n<p style=\"margin-bottom:var(--wp--preset--spacing--40)\">Praktiziere soft es geht Yoga\u00fcbungen, Asanas. Es reichen 15 Minuten. \u00dcbe mit Bewusstheit. Weniger ist oft mehr.<\/p>\n\n\n\n<h4 class=\"wp-block-heading\" style=\"margin-bottom:15px\">Pranayama<\/h4>\n\n\n\n<p style=\"margin-bottom:var(--wp--preset--spacing--40)\">Besch\u00e4ftige dich mit deinem Atem. Lerne die Atem\u00fcbungen aus dem Yoga. Die Ein und Ausatmung gibt uns die Hauptenergie in unserem Leben.<\/p>\n\n\n\n<h4 class=\"wp-block-heading\" style=\"margin-bottom:15px\">Mantra<\/h4>\n\n\n\n<p style=\"margin-bottom:var(--wp--preset--spacing--40)\">Versuche einmal pro Woche das Essen und deine Gedanken zu reduzieren. Plane einmal im Jahr Fastentage ein.<\/p>\n\n\n\n<h4 class=\"wp-block-heading\" style=\"margin-bottom:15px\">Meditiere<\/h4>\n\n\n\n<p style=\"margin-bottom:var(--wp--preset--spacing--40)\">Gehe so oft du kannst unter Tag in stille Momente. Erfahre die Zeit von 4.00-6.00 Morgens, z\u00fcnde eine Kerze an, ein R\u00e4ucherst\u00e4bchen und verbinde dich mit dem G\u00f6ttlichen. Lass dich begleiten von einem erfahrenen Meditationslehrer.<\/p>\n\n\n\n<h4 class=\"wp-block-heading\" style=\"margin-bottom:15px\">Sattvische Vegetarische Nahrung<\/h4>\n\n\n\n<p style=\"margin-bottom:20px\">Iss sattvische und vegetarische Nahrungsmittel. Vermeide Kaffee, Schwarztee, Knoblauch, Zwiebeln, Eier. Kaufe Lebensmittel aus der Region wo du lebst.<\/p>\n\n\n\n<p style=\"margin-bottom:20px\">Der von Sattva gepr\u00e4gte Geist ist dominiert von Zufriedenheit, Harmonie, Toleranz, hoher Intelligenz, und tiefer Erkenntnis.<\/p>\n\n\n\n<div style=\"height:64px\" aria-hidden=\"true\" class=\"wp-block-spacer\"><\/div>\n\n\n\n<figure class=\"wp-block-gallery has-nested-images columns-default is-cropped wp-block-gallery-1 is-layout-flex wp-block-gallery-is-layout-flex\">\n<figure class=\"wp-block-image size-large\"><img loading=\"lazy\" decoding=\"async\" width=\"768\" height=\"1024\" data-id=\"419\" src=\"https:\/\/neu.yoga-susanne.ch\/wp-content\/uploads\/2026\/02\/susanne_63-768x1024.jpg\" alt=\"\" class=\"wp-image-419\" srcset=\"https:\/\/yoga-susanne.ch\/wp-content\/uploads\/2026\/02\/susanne_63-768x1024.jpg 768w, https:\/\/yoga-susanne.ch\/wp-content\/uploads\/2026\/02\/susanne_63-225x300.jpg 225w, https:\/\/yoga-susanne.ch\/wp-content\/uploads\/2026\/02\/susanne_63-1152x1536.jpg 1152w, https:\/\/yoga-susanne.ch\/wp-content\/uploads\/2026\/02\/susanne_63-1536x2048.jpg 1536w, https:\/\/yoga-susanne.ch\/wp-content\/uploads\/2026\/02\/susanne_63-scaled.jpg 1920w\" sizes=\"auto, (max-width: 768px) 100vw, 768px\" \/><\/figure>\n\n\n\n<figure class=\"wp-block-image size-large\"><img loading=\"lazy\" decoding=\"async\" width=\"768\" height=\"1024\" data-id=\"421\" src=\"https:\/\/neu.yoga-susanne.ch\/wp-content\/uploads\/2026\/02\/hauspflanze-elba-lichtvoll-768x1024.jpg\" alt=\"\" class=\"wp-image-421\" srcset=\"https:\/\/yoga-susanne.ch\/wp-content\/uploads\/2026\/02\/hauspflanze-elba-lichtvoll-768x1024.jpg 768w, https:\/\/yoga-susanne.ch\/wp-content\/uploads\/2026\/02\/hauspflanze-elba-lichtvoll-225x300.jpg 225w, https:\/\/yoga-susanne.ch\/wp-content\/uploads\/2026\/02\/hauspflanze-elba-lichtvoll-1152x1536.jpg 1152w, https:\/\/yoga-susanne.ch\/wp-content\/uploads\/2026\/02\/hauspflanze-elba-lichtvoll-1536x2048.jpg 1536w, https:\/\/yoga-susanne.ch\/wp-content\/uploads\/2026\/02\/hauspflanze-elba-lichtvoll-scaled.jpg 1920w\" sizes=\"auto, (max-width: 768px) 100vw, 768px\" \/><\/figure>\n\n\n\n<figure class=\"wp-block-image size-large\"><img loading=\"lazy\" decoding=\"async\" width=\"768\" height=\"1024\" data-id=\"417\" src=\"https:\/\/neu.yoga-susanne.ch\/wp-content\/uploads\/2026\/02\/susanne_64-768x1024.jpg\" alt=\"\" class=\"wp-image-417\" srcset=\"https:\/\/yoga-susanne.ch\/wp-content\/uploads\/2026\/02\/susanne_64-768x1024.jpg 768w, https:\/\/yoga-susanne.ch\/wp-content\/uploads\/2026\/02\/susanne_64-225x300.jpg 225w, https:\/\/yoga-susanne.ch\/wp-content\/uploads\/2026\/02\/susanne_64-1152x1536.jpg 1152w, https:\/\/yoga-susanne.ch\/wp-content\/uploads\/2026\/02\/susanne_64-1536x2048.jpg 1536w, https:\/\/yoga-susanne.ch\/wp-content\/uploads\/2026\/02\/susanne_64-scaled.jpg 1920w\" sizes=\"auto, (max-width: 768px) 100vw, 768px\" \/><\/figure>\n<\/figure>","protected":false},"excerpt":{"rendered":"<p>Asanas Praktiziere soft es geht Yoga\u00fcbungen, Asanas. Es reichen 15 Minuten. \u00dcbe mit Bewusstheit. Weniger ist oft mehr. Pranayama Besch\u00e4ftige dich mit deinem Atem. Lerne die Atem\u00fcbungen aus dem Yoga. Die Ein und Ausatmung gibt uns die Hauptenergie in unserem Leben. Mantra Versuche einmal pro Woche das Essen und deine Gedanken zu reduzieren. Plane einmal [&hellip;]<\/p>\n","protected":false},"author":1,"featured_media":0,"parent":0,"menu_order":0,"comment_status":"closed","ping_status":"closed","template":"default-page","meta":{"footnotes":""},"class_list":["post-381","page","type-page","status-publish","hentry"],"yoast_head":"<!-- This site is optimized with the Yoast SEO plugin v27.3 - https:\/\/yoast.com\/product\/yoast-seo-wordpress\/ -->\n<title>Tipps f\u00fcr den Alltag - Yoga Susanne<\/title>\n<meta name=\"robots\" content=\"index, follow, max-snippet:-1, max-image-preview:large, max-video-preview:-1\" \/>\n<link rel=\"canonical\" href=\"https:\/\/yoga-susanne.ch\/en\/tipps-fur-den-alltag\/\" \/>\n<meta property=\"og:locale\" content=\"en_GB\" \/>\n<meta property=\"og:type\" content=\"article\" \/>\n<meta property=\"og:title\" content=\"Tipps f\u00fcr den Alltag - Yoga Susanne\" \/>\n<meta property=\"og:description\" content=\"Asanas Praktiziere soft es geht Yoga\u00fcbungen, Asanas. Es reichen 15 Minuten. \u00dcbe mit Bewusstheit. Weniger ist oft mehr. Pranayama Besch\u00e4ftige dich mit deinem Atem. Lerne die Atem\u00fcbungen aus dem Yoga. Die Ein und Ausatmung gibt uns die Hauptenergie in unserem Leben. Mantra Versuche einmal pro Woche das Essen und deine Gedanken zu reduzieren. Plane einmal [&hellip;]\" \/>\n<meta property=\"og:url\" content=\"https:\/\/yoga-susanne.ch\/en\/tipps-fur-den-alltag\/\" \/>\n<meta property=\"og:site_name\" content=\"Yoga Susanne\" \/>\n<meta property=\"article:publisher\" content=\"https:\/\/www.facebook.com\/yoga.susanne.ch\" \/>\n<meta property=\"article:modified_time\" content=\"2026-03-28T10:14:19+00:00\" \/>\n<meta property=\"og:image\" content=\"https:\/\/neu.yoga-susanne.ch\/wp-content\/uploads\/2026\/02\/susanne_63-768x1024.jpg\" \/>\n<meta name=\"twitter:card\" content=\"summary_large_image\" \/>\n<meta name=\"twitter:label1\" content=\"Estimated reading time\" \/>\n\t<meta name=\"twitter:data1\" content=\"2 minutes\" \/>\n<script type=\"application\/ld+json\" class=\"yoast-schema-graph\">{\"@context\":\"https:\\\/\\\/schema.org\",\"@graph\":[{\"@type\":\"WebPage\",\"@id\":\"https:\\\/\\\/yoga-susanne.ch\\\/tipps-fur-den-alltag\\\/\",\"url\":\"https:\\\/\\\/yoga-susanne.ch\\\/tipps-fur-den-alltag\\\/\",\"name\":\"Tipps f\u00fcr den Alltag - Yoga Susanne\",\"isPartOf\":{\"@id\":\"https:\\\/\\\/yoga-susanne.ch\\\/#website\"},\"primaryImageOfPage\":{\"@id\":\"https:\\\/\\\/yoga-susanne.ch\\\/tipps-fur-den-alltag\\\/#primaryimage\"},\"image\":{\"@id\":\"https:\\\/\\\/yoga-susanne.ch\\\/tipps-fur-den-alltag\\\/#primaryimage\"},\"thumbnailUrl\":\"https:\\\/\\\/neu.yoga-susanne.ch\\\/wp-content\\\/uploads\\\/2026\\\/02\\\/susanne_63-768x1024.jpg\",\"datePublished\":\"2026-02-13T15:59:33+00:00\",\"dateModified\":\"2026-03-28T10:14:19+00:00\",\"breadcrumb\":{\"@id\":\"https:\\\/\\\/yoga-susanne.ch\\\/tipps-fur-den-alltag\\\/#breadcrumb\"},\"inLanguage\":\"en-GB\",\"potentialAction\":[{\"@type\":\"ReadAction\",\"target\":[\"https:\\\/\\\/yoga-susanne.ch\\\/tipps-fur-den-alltag\\\/\"]}]},{\"@type\":\"ImageObject\",\"inLanguage\":\"en-GB\",\"@id\":\"https:\\\/\\\/yoga-susanne.ch\\\/tipps-fur-den-alltag\\\/#primaryimage\",\"url\":\"https:\\\/\\\/neu.yoga-susanne.ch\\\/wp-content\\\/uploads\\\/2026\\\/02\\\/susanne_63-768x1024.jpg\",\"contentUrl\":\"https:\\\/\\\/neu.yoga-susanne.ch\\\/wp-content\\\/uploads\\\/2026\\\/02\\\/susanne_63-768x1024.jpg\"},{\"@type\":\"BreadcrumbList\",\"@id\":\"https:\\\/\\\/yoga-susanne.ch\\\/tipps-fur-den-alltag\\\/#breadcrumb\",\"itemListElement\":[{\"@type\":\"ListItem\",\"position\":1,\"name\":\"Startseite\",\"item\":\"https:\\\/\\\/yoga-susanne.ch\\\/\"},{\"@type\":\"ListItem\",\"position\":2,\"name\":\"Tipps f\u00fcr den Alltag\"}]},{\"@type\":\"WebSite\",\"@id\":\"https:\\\/\\\/yoga-susanne.ch\\\/#website\",\"url\":\"https:\\\/\\\/yoga-susanne.ch\\\/\",\"name\":\"Yoga Susanne\",\"description\":\"Wie eine Wanderin durch die Zeiten, an keine festen Ort gebunden, authentisch und respektvoll gegen\u00fcber der Indischen Weisheitslehre, in Verbindung mit meinen Lebenserfahrungen, werde ich mein Yoga weitergeben wo auch immer ich hingef\u00fchrt werde.\",\"publisher\":{\"@id\":\"https:\\\/\\\/yoga-susanne.ch\\\/#organization\"},\"potentialAction\":[{\"@type\":\"SearchAction\",\"target\":{\"@type\":\"EntryPoint\",\"urlTemplate\":\"https:\\\/\\\/yoga-susanne.ch\\\/?s={search_term_string}\"},\"query-input\":{\"@type\":\"PropertyValueSpecification\",\"valueRequired\":true,\"valueName\":\"search_term_string\"}}],\"inLanguage\":\"en-GB\"},{\"@type\":\"Organization\",\"@id\":\"https:\\\/\\\/yoga-susanne.ch\\\/#organization\",\"name\":\"Yoga Susanne\",\"url\":\"https:\\\/\\\/yoga-susanne.ch\\\/\",\"logo\":{\"@type\":\"ImageObject\",\"inLanguage\":\"en-GB\",\"@id\":\"https:\\\/\\\/yoga-susanne.ch\\\/#\\\/schema\\\/logo\\\/image\\\/\",\"url\":\"https:\\\/\\\/neu.yoga-susanne.ch\\\/wp-content\\\/uploads\\\/2026\\\/02\\\/yogabaum_ohne_hintegrund.png\",\"contentUrl\":\"https:\\\/\\\/neu.yoga-susanne.ch\\\/wp-content\\\/uploads\\\/2026\\\/02\\\/yogabaum_ohne_hintegrund.png\",\"width\":787,\"height\":1024,\"caption\":\"Yoga Susanne\"},\"image\":{\"@id\":\"https:\\\/\\\/yoga-susanne.ch\\\/#\\\/schema\\\/logo\\\/image\\\/\"},\"sameAs\":[\"https:\\\/\\\/www.facebook.com\\\/yoga.susanne.ch\"]}]}<\/script>\n<!-- \/ Yoast SEO plugin. -->","yoast_head_json":{"title":"Tipps f\u00fcr den Alltag - Yoga Susanne","robots":{"index":"index","follow":"follow","max-snippet":"max-snippet:-1","max-image-preview":"max-image-preview:large","max-video-preview":"max-video-preview:-1"},"canonical":"https:\/\/yoga-susanne.ch\/en\/tipps-fur-den-alltag\/","og_locale":"en_GB","og_type":"article","og_title":"Tipps f\u00fcr den Alltag - Yoga Susanne","og_description":"Asanas Praktiziere soft es geht Yoga\u00fcbungen, Asanas. Es reichen 15 Minuten. \u00dcbe mit Bewusstheit. Weniger ist oft mehr. Pranayama Besch\u00e4ftige dich mit deinem Atem. Lerne die Atem\u00fcbungen aus dem Yoga. Die Ein und Ausatmung gibt uns die Hauptenergie in unserem Leben. Mantra Versuche einmal pro Woche das Essen und deine Gedanken zu reduzieren. Plane einmal [&hellip;]","og_url":"https:\/\/yoga-susanne.ch\/en\/tipps-fur-den-alltag\/","og_site_name":"Yoga Susanne","article_publisher":"https:\/\/www.facebook.com\/yoga.susanne.ch","article_modified_time":"2026-03-28T10:14:19+00:00","og_image":[{"url":"https:\/\/neu.yoga-susanne.ch\/wp-content\/uploads\/2026\/02\/susanne_63-768x1024.jpg","type":"","width":"","height":""}],"twitter_card":"summary_large_image","twitter_misc":{"Estimated reading time":"2 minutes"},"schema":{"@context":"https:\/\/schema.org","@graph":[{"@type":"WebPage","@id":"https:\/\/yoga-susanne.ch\/tipps-fur-den-alltag\/","url":"https:\/\/yoga-susanne.ch\/tipps-fur-den-alltag\/","name":"Tipps f\u00fcr den Alltag - Yoga Susanne","isPartOf":{"@id":"https:\/\/yoga-susanne.ch\/#website"},"primaryImageOfPage":{"@id":"https:\/\/yoga-susanne.ch\/tipps-fur-den-alltag\/#primaryimage"},"image":{"@id":"https:\/\/yoga-susanne.ch\/tipps-fur-den-alltag\/#primaryimage"},"thumbnailUrl":"https:\/\/neu.yoga-susanne.ch\/wp-content\/uploads\/2026\/02\/susanne_63-768x1024.jpg","datePublished":"2026-02-13T15:59:33+00:00","dateModified":"2026-03-28T10:14:19+00:00","breadcrumb":{"@id":"https:\/\/yoga-susanne.ch\/tipps-fur-den-alltag\/#breadcrumb"},"inLanguage":"en-GB","potentialAction":[{"@type":"ReadAction","target":["https:\/\/yoga-susanne.ch\/tipps-fur-den-alltag\/"]}]},{"@type":"ImageObject","inLanguage":"en-GB","@id":"https:\/\/yoga-susanne.ch\/tipps-fur-den-alltag\/#primaryimage","url":"https:\/\/neu.yoga-susanne.ch\/wp-content\/uploads\/2026\/02\/susanne_63-768x1024.jpg","contentUrl":"https:\/\/neu.yoga-susanne.ch\/wp-content\/uploads\/2026\/02\/susanne_63-768x1024.jpg"},{"@type":"BreadcrumbList","@id":"https:\/\/yoga-susanne.ch\/tipps-fur-den-alltag\/#breadcrumb","itemListElement":[{"@type":"ListItem","position":1,"name":"Startseite","item":"https:\/\/yoga-susanne.ch\/"},{"@type":"ListItem","position":2,"name":"Tipps f\u00fcr den Alltag"}]},{"@type":"WebSite","@id":"https:\/\/yoga-susanne.ch\/#website","url":"https:\/\/yoga-susanne.ch\/","name":"Yoga Susanne","description":"Wie eine Wanderin durch die Zeiten, an keine festen Ort gebunden, authentisch und respektvoll gegen\u00fcber der Indischen Weisheitslehre, in Verbindung mit meinen Lebenserfahrungen, werde ich mein Yoga weitergeben wo auch immer ich hingef\u00fchrt werde.","publisher":{"@id":"https:\/\/yoga-susanne.ch\/#organization"},"potentialAction":[{"@type":"SearchAction","target":{"@type":"EntryPoint","urlTemplate":"https:\/\/yoga-susanne.ch\/?s={search_term_string}"},"query-input":{"@type":"PropertyValueSpecification","valueRequired":true,"valueName":"search_term_string"}}],"inLanguage":"en-GB"},{"@type":"Organization","@id":"https:\/\/yoga-susanne.ch\/#organization","name":"Yoga Susanne","url":"https:\/\/yoga-susanne.ch\/","logo":{"@type":"ImageObject","inLanguage":"en-GB","@id":"https:\/\/yoga-susanne.ch\/#\/schema\/logo\/image\/","url":"https:\/\/neu.yoga-susanne.ch\/wp-content\/uploads\/2026\/02\/yogabaum_ohne_hintegrund.png","contentUrl":"https:\/\/neu.yoga-susanne.ch\/wp-content\/uploads\/2026\/02\/yogabaum_ohne_hintegrund.png","width":787,"height":1024,"caption":"Yoga Susanne"},"image":{"@id":"https:\/\/yoga-susanne.ch\/#\/schema\/logo\/image\/"},"sameAs":["https:\/\/www.facebook.com\/yoga.susanne.ch"]}]}},"_links":{"self":[{"href":"https:\/\/yoga-susanne.ch\/en\/wp-json\/wp\/v2\/pages\/381","targetHints":{"allow":["GET"]}}],"collection":[{"href":"https:\/\/yoga-susanne.ch\/en\/wp-json\/wp\/v2\/pages"}],"about":[{"href":"https:\/\/yoga-susanne.ch\/en\/wp-json\/wp\/v2\/types\/page"}],"author":[{"embeddable":true,"href":"https:\/\/yoga-susanne.ch\/en\/wp-json\/wp\/v2\/users\/1"}],"replies":[{"embeddable":true,"href":"https:\/\/yoga-susanne.ch\/en\/wp-json\/wp\/v2\/comments?post=381"}],"version-history":[{"count":10,"href":"https:\/\/yoga-susanne.ch\/en\/wp-json\/wp\/v2\/pages\/381\/revisions"}],"predecessor-version":[{"id":657,"href":"https:\/\/yoga-susanne.ch\/en\/wp-json\/wp\/v2\/pages\/381\/revisions\/657"}],"wp:attachment":[{"href":"https:\/\/yoga-susanne.ch\/en\/wp-json\/wp\/v2\/media?parent=381"}],"curies":[{"name":"wp","href":"https:\/\/api.w.org\/{rel}","templated":true}]}}