{"id":47,"date":"2025-02-16T09:07:36","date_gmt":"2025-02-16T09:07:36","guid":{"rendered":"https:\/\/neu.yoga-susanne.ch\/?page_id=47"},"modified":"2026-03-28T11:18:25","modified_gmt":"2026-03-28T10:18:25","slug":"vedische-astrologie","status":"publish","type":"page","link":"https:\/\/yoga-susanne.ch\/en\/vedische-astrologie\/","title":{"rendered":"Vedische Astrologie"},"content":{"rendered":"<h4 class=\"wp-block-heading\" style=\"margin-bottom:var(--wp--preset--spacing--30)\">Vedische Astrologie<\/h4>\n\n\n\n<p style=\"margin-bottom:var(--wp--preset--spacing--30)\">Die indische Astrologie, Jyotisch, was \u00fcbersetzt bedeutet &#8222;das Licht der Wahrheit&#8220;, ist sehr eng verbunden mit dem Yoga. Dieses Jahrtausend alte Wissen, gibt uns Einblicke auf einer sehr feinstofflichen Ebene in unser Leben.<\/p>\n\n\n\n<p style=\"margin-bottom:var(--wp--preset--spacing--30)\">Im Jahr 2015 begegnete mir pers\u00f6nlich dieses Licht und ich entschloss mich dieses Studium in mein Leben aufzunehmen. Ein faszinierender Weg immer tiefer einzutauchen in das was uns wirklich ausmacht und wer wir sind.<\/p>\n\n\n\n<p style=\"margin-bottom:var(--wp--preset--spacing--30)\">Wir bekommen die M\u00f6glichkeit unsere Potentiale und unsere Grenzen zu erfahren. Lernen dadurch einen besseren Umgang mit uns zu bekommen und mit dem Strom unserer M\u00f6glichkeiten zu schwimmen.<\/p>\n\n\n\n<p style=\"margin-bottom:var(--wp--preset--spacing--30)\">Dr. David Frawley fasst das in folgende Worte: Jyotisch ist mehr als eine Wissenschaft f\u00fcr sich, sie ist ein integraler Bestandteil der indischen Kultur und des indischen Lebens und mit allen Aktivit\u00e4ten des Alltags verwoben- mit weltlichen, spirituellen, finanziellen, mentalen und famili\u00e4ren Aspekten und mit allem anderen, was das Leben eines Individuums und einer Gesellschaft ausmacht.<\/p>\n\n\n\n<p style=\"margin-bottom:var(--wp--preset--spacing--30)\">Vedische Astrologie ist eine Methode die Sprache des Universums so umzuwandeln, dass sie der Entwicklung der Seele dient&#8230;<\/p>\n\n\n\n<p style=\"margin-bottom:var(--wp--preset--spacing--30)\">Der Mond, Chandra der den \u201cmind\u201d wiederspiegelt und die Sonne, Surya die das \u201catma\u201d verk\u00f6rpert spielen eine gro\u00dfe Rolle bei einer Horoskopdeutung.<\/p>\n\n\n\n<p class=\"has-text-align-center\">Prajapati, der Sch\u00f6pfer, begehrte die Freude der Sch\u00f6pfung. Er verblieb in Meditation und es erschienen ein Paar aus Materie (Rayi) und Leben(Prana). Die Sonne ist wahrhaftig Leben und der Mond die Materie.<\/p>\n\n\n\n<p class=\"has-text-align-center\" style=\"margin-top:10px;margin-bottom:var(--wp--preset--spacing--50)\"><em><mark style=\"background-color:rgba(0, 0, 0, 0);color:#0693e3\" class=\"has-inline-color\">Prasna Upanishad 1 4\/5<\/mark><\/em><\/p>\n\n\n\n<p style=\"margin-bottom:var(--wp--preset--spacing--30)\">Die Verbindung zu den universellen Energien sind immer da. Wenn sie diese Zusammenh\u00e4nge in ein besseres Verst\u00e4ndniss bringen wollen, bin ich gerne f\u00fcr sie da und begleite sie nach meinem Wissensstand und M\u00f6glichkeiten in ihre Welt.<\/p>\n\n\n\n<p style=\"margin-bottom:var(--wp--preset--spacing--30)\">Meine Lehrer sind Gudrun und Nicolas Lewis \u2013 Schellenbeck von der Astrovedic-Akademie in Alzey und Professor Jaya Shekar aus Bangalore.<\/p>\n\n\n\n<p style=\"margin-bottom:var(--wp--preset--spacing--30)\">Auch gibt es die M\u00f6glichkeit einer Palmblattlesung von indischen Rishis. Wenn sie wissen m\u00f6chten was das alles bedeutet und beinhaltet, so finden sie Informationen unter folgendem Link:&nbsp;<a target=\"_blank\" href=\"https:\/\/mypalmleaf.com\/?mpl=54\" rel=\"noreferrer noopener\">My palm leaf<\/a><\/p>\n\n\n\n<p class=\"has-text-align-center\" style=\"line-height:2\">OM-SHANTI<br>NAMASTE<\/p>\n\n\n\n<div style=\"height:100px\" aria-hidden=\"true\" class=\"wp-block-spacer\"><\/div>\n\n\n\n<figure class=\"wp-block-image aligncenter size-large is-resized\"><img loading=\"lazy\" decoding=\"async\" width=\"1024\" height=\"768\" src=\"https:\/\/neu.yoga-susanne.ch\/wp-content\/uploads\/2026\/02\/pavone-1024x768.jpg\" alt=\"\" class=\"wp-image-497\" style=\"width:912px;height:auto\" srcset=\"https:\/\/yoga-susanne.ch\/wp-content\/uploads\/2026\/02\/pavone-1024x768.jpg 1024w, https:\/\/yoga-susanne.ch\/wp-content\/uploads\/2026\/02\/pavone-300x225.jpg 300w, https:\/\/yoga-susanne.ch\/wp-content\/uploads\/2026\/02\/pavone-768x576.jpg 768w, https:\/\/yoga-susanne.ch\/wp-content\/uploads\/2026\/02\/pavone-1536x1152.jpg 1536w, https:\/\/yoga-susanne.ch\/wp-content\/uploads\/2026\/02\/pavone-2048x1536.jpg 2048w\" sizes=\"auto, (max-width: 1024px) 100vw, 1024px\" \/><\/figure>","protected":false},"excerpt":{"rendered":"<p>Vedische Astrologie Die indische Astrologie, Jyotisch, was \u00fcbersetzt bedeutet &#8222;das Licht der Wahrheit&#8220;, ist sehr eng verbunden mit dem Yoga. Dieses Jahrtausend alte Wissen, gibt uns Einblicke auf einer sehr feinstofflichen Ebene in unser Leben. Im Jahr 2015 begegnete mir pers\u00f6nlich dieses Licht und ich entschloss mich dieses Studium in mein Leben aufzunehmen. Ein faszinierender [&hellip;]<\/p>\n","protected":false},"author":1,"featured_media":0,"parent":0,"menu_order":0,"comment_status":"closed","ping_status":"closed","template":"default-page","meta":{"footnotes":""},"class_list":["post-47","page","type-page","status-publish","hentry"],"yoast_head":"<!-- This site is optimized with the Yoast SEO plugin v27.3 - https:\/\/yoast.com\/product\/yoast-seo-wordpress\/ -->\n<title>Vedische Astrologie - Yoga Susanne<\/title>\n<meta name=\"robots\" content=\"index, follow, max-snippet:-1, max-image-preview:large, max-video-preview:-1\" \/>\n<link rel=\"canonical\" href=\"https:\/\/yoga-susanne.ch\/en\/vedische-astrologie\/\" \/>\n<meta property=\"og:locale\" content=\"en_GB\" \/>\n<meta property=\"og:type\" content=\"article\" \/>\n<meta property=\"og:title\" content=\"Vedische Astrologie - Yoga Susanne\" \/>\n<meta property=\"og:description\" content=\"Vedische Astrologie Die indische Astrologie, Jyotisch, was \u00fcbersetzt bedeutet &#8222;das Licht der Wahrheit&#8220;, ist sehr eng verbunden mit dem Yoga. Dieses Jahrtausend alte Wissen, gibt uns Einblicke auf einer sehr feinstofflichen Ebene in unser Leben. Im Jahr 2015 begegnete mir pers\u00f6nlich dieses Licht und ich entschloss mich dieses Studium in mein Leben aufzunehmen. Ein faszinierender [&hellip;]\" \/>\n<meta property=\"og:url\" content=\"https:\/\/yoga-susanne.ch\/en\/vedische-astrologie\/\" \/>\n<meta property=\"og:site_name\" content=\"Yoga Susanne\" \/>\n<meta property=\"article:publisher\" content=\"https:\/\/www.facebook.com\/yoga.susanne.ch\" \/>\n<meta property=\"article:modified_time\" content=\"2026-03-28T10:18:25+00:00\" \/>\n<meta property=\"og:image\" content=\"https:\/\/neu.yoga-susanne.ch\/wp-content\/uploads\/2026\/02\/pavone-1024x768.jpg\" \/>\n<meta name=\"twitter:card\" content=\"summary_large_image\" \/>\n<meta name=\"twitter:label1\" content=\"Estimated reading time\" \/>\n\t<meta name=\"twitter:data1\" content=\"2 minutes\" \/>\n<script type=\"application\/ld+json\" class=\"yoast-schema-graph\">{\"@context\":\"https:\\\/\\\/schema.org\",\"@graph\":[{\"@type\":\"WebPage\",\"@id\":\"https:\\\/\\\/yoga-susanne.ch\\\/vedische-astrologie\\\/\",\"url\":\"https:\\\/\\\/yoga-susanne.ch\\\/vedische-astrologie\\\/\",\"name\":\"Vedische Astrologie - Yoga Susanne\",\"isPartOf\":{\"@id\":\"https:\\\/\\\/yoga-susanne.ch\\\/#website\"},\"primaryImageOfPage\":{\"@id\":\"https:\\\/\\\/yoga-susanne.ch\\\/vedische-astrologie\\\/#primaryimage\"},\"image\":{\"@id\":\"https:\\\/\\\/yoga-susanne.ch\\\/vedische-astrologie\\\/#primaryimage\"},\"thumbnailUrl\":\"https:\\\/\\\/neu.yoga-susanne.ch\\\/wp-content\\\/uploads\\\/2026\\\/02\\\/pavone-1024x768.jpg\",\"datePublished\":\"2025-02-16T09:07:36+00:00\",\"dateModified\":\"2026-03-28T10:18:25+00:00\",\"breadcrumb\":{\"@id\":\"https:\\\/\\\/yoga-susanne.ch\\\/vedische-astrologie\\\/#breadcrumb\"},\"inLanguage\":\"en-GB\",\"potentialAction\":[{\"@type\":\"ReadAction\",\"target\":[\"https:\\\/\\\/yoga-susanne.ch\\\/vedische-astrologie\\\/\"]}]},{\"@type\":\"ImageObject\",\"inLanguage\":\"en-GB\",\"@id\":\"https:\\\/\\\/yoga-susanne.ch\\\/vedische-astrologie\\\/#primaryimage\",\"url\":\"https:\\\/\\\/neu.yoga-susanne.ch\\\/wp-content\\\/uploads\\\/2026\\\/02\\\/pavone-1024x768.jpg\",\"contentUrl\":\"https:\\\/\\\/neu.yoga-susanne.ch\\\/wp-content\\\/uploads\\\/2026\\\/02\\\/pavone-1024x768.jpg\"},{\"@type\":\"BreadcrumbList\",\"@id\":\"https:\\\/\\\/yoga-susanne.ch\\\/vedische-astrologie\\\/#breadcrumb\",\"itemListElement\":[{\"@type\":\"ListItem\",\"position\":1,\"name\":\"Startseite\",\"item\":\"https:\\\/\\\/yoga-susanne.ch\\\/\"},{\"@type\":\"ListItem\",\"position\":2,\"name\":\"Vedische Astrologie\"}]},{\"@type\":\"WebSite\",\"@id\":\"https:\\\/\\\/yoga-susanne.ch\\\/#website\",\"url\":\"https:\\\/\\\/yoga-susanne.ch\\\/\",\"name\":\"Yoga Susanne\",\"description\":\"Wie eine Wanderin durch die Zeiten, an keine festen Ort gebunden, authentisch und respektvoll gegen\u00fcber der Indischen Weisheitslehre, in Verbindung mit meinen Lebenserfahrungen, werde ich mein Yoga weitergeben wo auch immer ich hingef\u00fchrt werde.\",\"publisher\":{\"@id\":\"https:\\\/\\\/yoga-susanne.ch\\\/#organization\"},\"potentialAction\":[{\"@type\":\"SearchAction\",\"target\":{\"@type\":\"EntryPoint\",\"urlTemplate\":\"https:\\\/\\\/yoga-susanne.ch\\\/?s={search_term_string}\"},\"query-input\":{\"@type\":\"PropertyValueSpecification\",\"valueRequired\":true,\"valueName\":\"search_term_string\"}}],\"inLanguage\":\"en-GB\"},{\"@type\":\"Organization\",\"@id\":\"https:\\\/\\\/yoga-susanne.ch\\\/#organization\",\"name\":\"Yoga Susanne\",\"url\":\"https:\\\/\\\/yoga-susanne.ch\\\/\",\"logo\":{\"@type\":\"ImageObject\",\"inLanguage\":\"en-GB\",\"@id\":\"https:\\\/\\\/yoga-susanne.ch\\\/#\\\/schema\\\/logo\\\/image\\\/\",\"url\":\"https:\\\/\\\/neu.yoga-susanne.ch\\\/wp-content\\\/uploads\\\/2026\\\/02\\\/yogabaum_ohne_hintegrund.png\",\"contentUrl\":\"https:\\\/\\\/neu.yoga-susanne.ch\\\/wp-content\\\/uploads\\\/2026\\\/02\\\/yogabaum_ohne_hintegrund.png\",\"width\":787,\"height\":1024,\"caption\":\"Yoga Susanne\"},\"image\":{\"@id\":\"https:\\\/\\\/yoga-susanne.ch\\\/#\\\/schema\\\/logo\\\/image\\\/\"},\"sameAs\":[\"https:\\\/\\\/www.facebook.com\\\/yoga.susanne.ch\"]}]}<\/script>\n<!-- \/ Yoast SEO plugin. -->","yoast_head_json":{"title":"Vedische Astrologie - Yoga Susanne","robots":{"index":"index","follow":"follow","max-snippet":"max-snippet:-1","max-image-preview":"max-image-preview:large","max-video-preview":"max-video-preview:-1"},"canonical":"https:\/\/yoga-susanne.ch\/en\/vedische-astrologie\/","og_locale":"en_GB","og_type":"article","og_title":"Vedische Astrologie - Yoga Susanne","og_description":"Vedische Astrologie Die indische Astrologie, Jyotisch, was \u00fcbersetzt bedeutet &#8222;das Licht der Wahrheit&#8220;, ist sehr eng verbunden mit dem Yoga. Dieses Jahrtausend alte Wissen, gibt uns Einblicke auf einer sehr feinstofflichen Ebene in unser Leben. Im Jahr 2015 begegnete mir pers\u00f6nlich dieses Licht und ich entschloss mich dieses Studium in mein Leben aufzunehmen. Ein faszinierender [&hellip;]","og_url":"https:\/\/yoga-susanne.ch\/en\/vedische-astrologie\/","og_site_name":"Yoga Susanne","article_publisher":"https:\/\/www.facebook.com\/yoga.susanne.ch","article_modified_time":"2026-03-28T10:18:25+00:00","og_image":[{"url":"https:\/\/neu.yoga-susanne.ch\/wp-content\/uploads\/2026\/02\/pavone-1024x768.jpg","type":"","width":"","height":""}],"twitter_card":"summary_large_image","twitter_misc":{"Estimated reading time":"2 minutes"},"schema":{"@context":"https:\/\/schema.org","@graph":[{"@type":"WebPage","@id":"https:\/\/yoga-susanne.ch\/vedische-astrologie\/","url":"https:\/\/yoga-susanne.ch\/vedische-astrologie\/","name":"Vedische Astrologie - Yoga Susanne","isPartOf":{"@id":"https:\/\/yoga-susanne.ch\/#website"},"primaryImageOfPage":{"@id":"https:\/\/yoga-susanne.ch\/vedische-astrologie\/#primaryimage"},"image":{"@id":"https:\/\/yoga-susanne.ch\/vedische-astrologie\/#primaryimage"},"thumbnailUrl":"https:\/\/neu.yoga-susanne.ch\/wp-content\/uploads\/2026\/02\/pavone-1024x768.jpg","datePublished":"2025-02-16T09:07:36+00:00","dateModified":"2026-03-28T10:18:25+00:00","breadcrumb":{"@id":"https:\/\/yoga-susanne.ch\/vedische-astrologie\/#breadcrumb"},"inLanguage":"en-GB","potentialAction":[{"@type":"ReadAction","target":["https:\/\/yoga-susanne.ch\/vedische-astrologie\/"]}]},{"@type":"ImageObject","inLanguage":"en-GB","@id":"https:\/\/yoga-susanne.ch\/vedische-astrologie\/#primaryimage","url":"https:\/\/neu.yoga-susanne.ch\/wp-content\/uploads\/2026\/02\/pavone-1024x768.jpg","contentUrl":"https:\/\/neu.yoga-susanne.ch\/wp-content\/uploads\/2026\/02\/pavone-1024x768.jpg"},{"@type":"BreadcrumbList","@id":"https:\/\/yoga-susanne.ch\/vedische-astrologie\/#breadcrumb","itemListElement":[{"@type":"ListItem","position":1,"name":"Startseite","item":"https:\/\/yoga-susanne.ch\/"},{"@type":"ListItem","position":2,"name":"Vedische Astrologie"}]},{"@type":"WebSite","@id":"https:\/\/yoga-susanne.ch\/#website","url":"https:\/\/yoga-susanne.ch\/","name":"Yoga Susanne","description":"Wie eine Wanderin durch die Zeiten, an keine festen Ort gebunden, authentisch und respektvoll gegen\u00fcber der Indischen Weisheitslehre, in Verbindung mit meinen Lebenserfahrungen, werde ich mein Yoga weitergeben wo auch immer ich hingef\u00fchrt werde.","publisher":{"@id":"https:\/\/yoga-susanne.ch\/#organization"},"potentialAction":[{"@type":"SearchAction","target":{"@type":"EntryPoint","urlTemplate":"https:\/\/yoga-susanne.ch\/?s={search_term_string}"},"query-input":{"@type":"PropertyValueSpecification","valueRequired":true,"valueName":"search_term_string"}}],"inLanguage":"en-GB"},{"@type":"Organization","@id":"https:\/\/yoga-susanne.ch\/#organization","name":"Yoga Susanne","url":"https:\/\/yoga-susanne.ch\/","logo":{"@type":"ImageObject","inLanguage":"en-GB","@id":"https:\/\/yoga-susanne.ch\/#\/schema\/logo\/image\/","url":"https:\/\/neu.yoga-susanne.ch\/wp-content\/uploads\/2026\/02\/yogabaum_ohne_hintegrund.png","contentUrl":"https:\/\/neu.yoga-susanne.ch\/wp-content\/uploads\/2026\/02\/yogabaum_ohne_hintegrund.png","width":787,"height":1024,"caption":"Yoga Susanne"},"image":{"@id":"https:\/\/yoga-susanne.ch\/#\/schema\/logo\/image\/"},"sameAs":["https:\/\/www.facebook.com\/yoga.susanne.ch"]}]}},"_links":{"self":[{"href":"https:\/\/yoga-susanne.ch\/en\/wp-json\/wp\/v2\/pages\/47","targetHints":{"allow":["GET"]}}],"collection":[{"href":"https:\/\/yoga-susanne.ch\/en\/wp-json\/wp\/v2\/pages"}],"about":[{"href":"https:\/\/yoga-susanne.ch\/en\/wp-json\/wp\/v2\/types\/page"}],"author":[{"embeddable":true,"href":"https:\/\/yoga-susanne.ch\/en\/wp-json\/wp\/v2\/users\/1"}],"replies":[{"embeddable":true,"href":"https:\/\/yoga-susanne.ch\/en\/wp-json\/wp\/v2\/comments?post=47"}],"version-history":[{"count":3,"href":"https:\/\/yoga-susanne.ch\/en\/wp-json\/wp\/v2\/pages\/47\/revisions"}],"predecessor-version":[{"id":498,"href":"https:\/\/yoga-susanne.ch\/en\/wp-json\/wp\/v2\/pages\/47\/revisions\/498"}],"wp:attachment":[{"href":"https:\/\/yoga-susanne.ch\/en\/wp-json\/wp\/v2\/media?parent=47"}],"curies":[{"name":"wp","href":"https:\/\/api.w.org\/{rel}","templated":true}]}}