{"id":49,"date":"2025-02-16T09:07:51","date_gmt":"2025-02-16T09:07:51","guid":{"rendered":"https:\/\/neu.yoga-susanne.ch\/?page_id=49"},"modified":"2026-03-29T11:28:25","modified_gmt":"2026-03-29T09:28:25","slug":"kontakt","status":"publish","type":"page","link":"https:\/\/yoga-susanne.ch\/en\/kontakt\/","title":{"rendered":"Kontakt"},"content":{"rendered":"\n<div class=\"wp-block-media-text is-stacked-on-mobile is-vertically-aligned-top is-image-fill-element\" style=\"margin-top:0;margin-bottom:0;padding-top:0;padding-bottom:0\"><figure class=\"wp-block-media-text__media\"><img loading=\"lazy\" decoding=\"async\" width=\"2560\" height=\"1920\" src=\"https:\/\/neu.yoga-susanne.ch\/wp-content\/uploads\/2026\/02\/gesicht-bananenbaum-2.version-1-scaled.jpg\" alt=\"\" class=\"wp-image-489 size-full\" style=\"object-position:50% 50%\" srcset=\"https:\/\/yoga-susanne.ch\/wp-content\/uploads\/2026\/02\/gesicht-bananenbaum-2.version-1-scaled.jpg 2560w, https:\/\/yoga-susanne.ch\/wp-content\/uploads\/2026\/02\/gesicht-bananenbaum-2.version-1-300x225.jpg 300w, https:\/\/yoga-susanne.ch\/wp-content\/uploads\/2026\/02\/gesicht-bananenbaum-2.version-1-1024x768.jpg 1024w, https:\/\/yoga-susanne.ch\/wp-content\/uploads\/2026\/02\/gesicht-bananenbaum-2.version-1-768x576.jpg 768w, https:\/\/yoga-susanne.ch\/wp-content\/uploads\/2026\/02\/gesicht-bananenbaum-2.version-1-1536x1152.jpg 1536w, https:\/\/yoga-susanne.ch\/wp-content\/uploads\/2026\/02\/gesicht-bananenbaum-2.version-1-2048x1536.jpg 2048w\" sizes=\"auto, (max-width: 2560px) 100vw, 2560px\" \/><\/figure><div class=\"wp-block-media-text__content\">\n<h3 class=\"wp-block-heading\" style=\"margin-top:var(--wp--preset--spacing--30);margin-right:0;margin-bottom:0;margin-left:0\">Susanne Fraling von M\u00fcnster<\/h3>\n\n\n\n<p class=\"has-small-font-size\">Diplomierte Yogalehrerin BDY \/ EYU<\/p>\n\n\n\n<p>Mitglied des Schweizer Yogaverbandes (<a href=\"https:\/\/www.swissyoga.ch\/\" target=\"_blank\" rel=\"noreferrer noopener\">SYV<\/a>)<\/p>\n\n\n\n<p>Mitglied des Berufsverbandes der Deutschen Yogalehrenden (<a href=\"https:\/\/www.yoga.de\/\" target=\"_blank\" rel=\"noreferrer noopener\">BDY<\/a>)<\/p>\n\n\n\n<p>Vedische Astrologin in Ausbildung<\/p>\n\n\n\n<p><a href=\"mailto:susanne@yoga-susanne.ch\">susanne@yoga-susanne.ch<\/a><\/p>\n<\/div><\/div>\n\n\n\n<div style=\"height:100px\" aria-hidden=\"true\" class=\"wp-block-spacer\"><\/div>\n\n\n\n<p style=\"margin-bottom:var(--wp--preset--spacing--30);margin-left:0\">Melde Dich zu meinem <strong>Newsletter <\/strong>an. <\/p>\n\n\n\n<p style=\"margin-bottom:var(--wp--preset--spacing--30);margin-left:0\">In regelm\u00e4\u00dfigen Abst\u00e4nden sende ich Dir Inspirationen aus meinem Herzen und neue Yogainfos. Wenn du Freude hast, so lade ich Dich ein zu meinem Newsletter.<\/p>\n\n\n\n<p style=\"margin-bottom:var(--wp--preset--spacing--30);margin-left:0\">Freue mich auf Dich.<\/p>\n\n\n  \n  \n  <div class=\"\n    mailpoet_form_popup_overlay\n      \"><\/div>\n  <div\n    id=\"mailpoet_form_1\"\n    class=\"\n      mailpoet_form\n      mailpoet_form_html\n      mailpoet_form_position_\n      mailpoet_form_animation_\n    \"\n      >\n\n    <style type=\"text\/css\">\n     #mailpoet_form_1 .mailpoet_form {  }\n#mailpoet_form_1 .mailpoet_column_with_background { padding: 10px; }\n#mailpoet_form_1 .mailpoet_form_column:not(:first-child) { margin-left: 20px; }\n#mailpoet_form_1 .mailpoet_paragraph { line-height: 20px; margin-bottom: 20px; }\n#mailpoet_form_1 .mailpoet_segment_label, #mailpoet_form_1 .mailpoet_text_label, #mailpoet_form_1 .mailpoet_textarea_label, #mailpoet_form_1 .mailpoet_select_label, #mailpoet_form_1 .mailpoet_radio_label, #mailpoet_form_1 .mailpoet_checkbox_label, #mailpoet_form_1 .mailpoet_list_label, #mailpoet_form_1 .mailpoet_date_label { display: block; font-weight: normal; }\n#mailpoet_form_1 .mailpoet_text, #mailpoet_form_1 .mailpoet_textarea, #mailpoet_form_1 .mailpoet_select, #mailpoet_form_1 .mailpoet_date_month, #mailpoet_form_1 .mailpoet_date_day, #mailpoet_form_1 .mailpoet_date_year, #mailpoet_form_1 .mailpoet_date { display: block; }\n#mailpoet_form_1 .mailpoet_text, #mailpoet_form_1 .mailpoet_textarea { width: 200px; }\n#mailpoet_form_1 .mailpoet_checkbox {  }\n#mailpoet_form_1 .mailpoet_submit {  }\n#mailpoet_form_1 .mailpoet_divider {  }\n#mailpoet_form_1 .mailpoet_message {  }\n#mailpoet_form_1 .mailpoet_form_loading { width: 30px; text-align: center; line-height: normal; }\n#mailpoet_form_1 .mailpoet_form_loading > span { width: 5px; height: 5px; background-color: #5b5b5b; }#mailpoet_form_1{border-radius: 0px;text-align: left;}#mailpoet_form_1 form.mailpoet_form {padding: 20px;}#mailpoet_form_1{width: 100%;}#mailpoet_form_1 .mailpoet_message {margin: 0; padding: 0 20px;}#mailpoet_form_1 .mailpoet_paragraph.last {margin-bottom: 0} @media (max-width: 500px) {#mailpoet_form_1 {background-image: none;}} @media (min-width: 500px) {#mailpoet_form_1 .last .mailpoet_paragraph:last-child {margin-bottom: 0}}  @media (max-width: 500px) {#mailpoet_form_1 .mailpoet_form_column:last-child .mailpoet_paragraph:last-child {margin-bottom: 0}} \n    <\/style>\n\n    <form\n      target=\"_self\"\n      method=\"post\"\n      action=\"https:\/\/yoga-susanne.ch\/wp-admin\/admin-post.php?action=mailpoet_subscription_form\"\n      class=\"mailpoet_form mailpoet_form_form mailpoet_form_html\"\n      novalidate\n      data-delay=\"\"\n      data-exit-intent-enabled=\"\"\n      data-font-family=\"\"\n      data-cookie-expiration-time=\"\"\n    >\n      <input type=\"hidden\" name=\"data[form_id]\" value=\"1\" \/>\n      <input type=\"hidden\" name=\"token\" value=\"c2cfb93e4c\" \/>\n      <input type=\"hidden\" name=\"api_version\" value=\"v1\" \/>\n      <input type=\"hidden\" name=\"endpoint\" value=\"subscribers\" \/>\n      <input type=\"hidden\" name=\"mailpoet_method\" value=\"subscribe\" \/>\n\n      <label class=\"mailpoet_hp_email_label\" style=\"display: none !important;\">Please leave this field empty<input type=\"email\" name=\"data[email]\"\/><\/label><div class=\"mailpoet_paragraph \"><label for=\"form_first_name_1\" class=\"mailpoet_text_label\"  data-automation-id=\"form_first_name_label\" >Vorname&nbsp;<span class=\"mailpoet_required\" aria-hidden=\"true\">*<\/span><\/label><input type=\"text\" autocomplete=\"given-name\" class=\"mailpoet_text\" id=\"form_first_name_1\" name=\"data[form_field_NWQ5OGQ2NGJiMTY2X2ZpcnN0X25hbWU=]\" title=\"Vorname\" value=\"\" style=\"width:100%;box-sizing:border-box;padding:5px;margin: 0 auto 0 0;\" data-automation-id=\"form_first_name\" data-parsley-errors-container=\".mailpoet_error_rni84\" data-parsley-names='[&quot;Please specify a valid name.&quot;,&quot;Addresses in names are not permitted, please add your name instead.&quot;]' data-parsley-required=\"true\" required aria-required=\"true\" data-parsley-required-message=\"This field is required.\"\/><span class=\"mailpoet_error_rni84\"><\/span><\/div>\n<div class=\"mailpoet_paragraph \"><label for=\"form_last_name_1\" class=\"mailpoet_text_label\"  data-automation-id=\"form_last_name_label\" >Nachname&nbsp;<span class=\"mailpoet_required\" aria-hidden=\"true\">*<\/span><\/label><input type=\"text\" autocomplete=\"family-name\" class=\"mailpoet_text\" id=\"form_last_name_1\" name=\"data[form_field_NzYzZmYwZDE3ODA3X2xhc3RfbmFtZQ==]\" title=\"Nachname\" value=\"\" style=\"width:100%;box-sizing:border-box;padding:5px;margin: 0 auto 0 0;\" data-automation-id=\"form_last_name\" data-parsley-errors-container=\".mailpoet_error_16b1i\" data-parsley-names='[&quot;Please specify a valid name.&quot;,&quot;Addresses in names are not permitted, please add your name instead.&quot;]' data-parsley-required=\"true\" required aria-required=\"true\" data-parsley-required-message=\"This field is required.\"\/><span class=\"mailpoet_error_16b1i\"><\/span><\/div>\n<div class=\"mailpoet_paragraph \"><label for=\"form_email_1\" class=\"mailpoet_text_label\"  data-automation-id=\"form_email_label\" >E-Mail Adresse&nbsp;<span class=\"mailpoet_required\" aria-hidden=\"true\">*<\/span><\/label><input type=\"email\" autocomplete=\"email\" class=\"mailpoet_text\" id=\"form_email_1\" name=\"data[form_field_Y2VkODU4OTFiNzQ4X2VtYWls]\" title=\"E-Mail Adresse\" value=\"\" style=\"width:100%;box-sizing:border-box;padding:5px;margin: 0 auto 0 0;\" data-automation-id=\"form_email\" data-parsley-errors-container=\".mailpoet_error_4901w\" data-parsley-required=\"true\" required aria-required=\"true\" data-parsley-minlength=\"6\" data-parsley-maxlength=\"150\" data-parsley-type-message=\"This value should be a valid email.\" data-parsley-required-message=\"This field is required.\"\/><span class=\"mailpoet_error_4901w\"><\/span><\/div>\n<div class=\"mailpoet_paragraph \"><input type=\"submit\" class=\"mailpoet_submit\" value=\"Abonnieren!\" data-automation-id=\"subscribe-submit-button\" style=\"width:100%;box-sizing:border-box;padding:5px;margin: 0 auto 0 0;border-color:transparent;\" \/><span class=\"mailpoet_form_loading\"><span class=\"mailpoet_bounce1\"><\/span><span class=\"mailpoet_bounce2\"><\/span><span class=\"mailpoet_bounce3\"><\/span><\/span><\/div>\n\n      <div class=\"mailpoet_message\">\n        <p class=\"mailpoet_validate_success\"\n                style=\"display:none;\"\n                >\u00dcberpr\u00fcfen Sie Ihren Posteingang oder Spam-Ordner, um Ihr Abonnement zu best\u00e4tigen.\n        <\/p>\n        <p class=\"mailpoet_validate_error\"\n                style=\"display:none;\"\n                >        <\/p>\n      <\/div>\n    <\/form>\n\n      <\/div>\n\n  \n\n\n<div style=\"height:100px\" aria-hidden=\"true\" class=\"wp-block-spacer\"><\/div>\n\n\n\n<p style=\"margin-bottom:var(--wp--preset--spacing--30);margin-left:0\">Weiterf\u00fchrende Webseiten.<\/p>\n\n\n\n<ul style=\"padding-top:0;padding-bottom:0\" class=\"wp-block-list\">\n<li style=\"padding-top:9px;padding-bottom:9px\"><a href=\"https:\/\/mypalmleaf.com\/?mpl=54\" target=\"_blank\" rel=\"noreferrer noopener\">My Palm Leaf<\/a><\/li>\n\n\n\n<li style=\"padding-top:9px;padding-bottom:9px\"><a href=\"https:\/\/spaziodessere.ch\/\" target=\"_blank\" rel=\"noreferrer noopener\">Yogalehrerin Vanessa Lanni<\/a><\/li>\n\n\n\n<li style=\"padding-top:9px;padding-bottom:9px\"><a href=\"https:\/\/www.yogasatya.ch\/\" target=\"_blank\" rel=\"noreferrer noopener\">Yogalehrerin Catarina Davitti<\/a><\/li>\n\n\n\n<li style=\"padding-top:9px;padding-bottom:9px\"><a href=\"https:\/\/www.airbnb.de\/rooms\/50809445?source_impression_id=p3_1771780184_P3MmMry1BEKtmCFZ\" target=\"_blank\" rel=\"noreferrer noopener\">Airbnb von Angela<\/a><\/li>\n\n\n\n<li style=\"padding-top:9px;padding-bottom:9px\"><a href=\"https:\/\/www.fotografie-brunner.de\/\" target=\"_blank\" rel=\"noreferrer noopener\">Fotografie Brunner<\/a><\/li>\n<\/ul>\n\n\n\n<p><\/p>\n","protected":false},"excerpt":{"rendered":"<p>Susanne Fraling von M\u00fcnster Diplomierte Yogalehrerin BDY \/ EYU Mitglied des Schweizer Yogaverbandes (SYV) Mitglied des Berufsverbandes der Deutschen Yogalehrenden (BDY) Vedische Astrologin in Ausbildung susanne@yoga-susanne.ch Melde Dich zu meinem Newsletter an. In regelm\u00e4\u00dfigen Abst\u00e4nden sende ich Dir Inspirationen aus meinem Herzen und neue Yogainfos. Wenn du Freude hast, so lade ich Dich ein zu [&hellip;]<\/p>\n","protected":false},"author":1,"featured_media":0,"parent":0,"menu_order":0,"comment_status":"closed","ping_status":"closed","template":"default-page","meta":{"footnotes":""},"class_list":["post-49","page","type-page","status-publish","hentry"],"yoast_head":"<!-- This site is optimized with the Yoast SEO plugin v27.3 - https:\/\/yoast.com\/product\/yoast-seo-wordpress\/ -->\n<title>Kontakt - Yoga Susanne<\/title>\n<meta name=\"description\" content=\"Hier finden Sie meine Kontaktm\u00f6glichkeiten. E-Mail: susanne@yoga-susanne.ch. Diplomierte Yogalehrerin BDY \/ EYU. Mitglied des Schweizer Yogaverbandes (SYV). Mitglied des Berufsverbandes der Deutschen Yogalehrenden (BDY). Vedische Astrologin in Ausbildung susanne@yoga-susanne.ch\" \/>\n<meta name=\"robots\" content=\"index, follow, max-snippet:-1, max-image-preview:large, max-video-preview:-1\" \/>\n<link rel=\"canonical\" href=\"https:\/\/yoga-susanne.ch\/en\/kontakt\/\" \/>\n<meta property=\"og:locale\" content=\"en_GB\" \/>\n<meta property=\"og:type\" content=\"article\" \/>\n<meta property=\"og:title\" content=\"Kontakt - Yoga Susanne\" \/>\n<meta property=\"og:description\" content=\"Hier finden Sie meine Kontaktm\u00f6glichkeiten. E-Mail: susanne@yoga-susanne.ch. Diplomierte Yogalehrerin BDY \/ EYU. Mitglied des Schweizer Yogaverbandes (SYV). Mitglied des Berufsverbandes der Deutschen Yogalehrenden (BDY). Vedische Astrologin in Ausbildung susanne@yoga-susanne.ch\" \/>\n<meta property=\"og:url\" content=\"https:\/\/yoga-susanne.ch\/en\/kontakt\/\" \/>\n<meta property=\"og:site_name\" content=\"Yoga Susanne\" \/>\n<meta property=\"article:publisher\" content=\"https:\/\/www.facebook.com\/yoga.susanne.ch\" \/>\n<meta property=\"article:modified_time\" content=\"2026-03-29T09:28:25+00:00\" \/>\n<meta property=\"og:image\" content=\"https:\/\/neu.yoga-susanne.ch\/wp-content\/uploads\/2026\/02\/gesicht-bananenbaum-2.version-1-scaled.jpg\" \/>\n<meta name=\"twitter:card\" content=\"summary_large_image\" \/>\n<meta name=\"twitter:label1\" content=\"Estimated reading time\" \/>\n\t<meta name=\"twitter:data1\" content=\"1 minute\" \/>\n<script type=\"application\/ld+json\" class=\"yoast-schema-graph\">{\"@context\":\"https:\\\/\\\/schema.org\",\"@graph\":[{\"@type\":\"WebPage\",\"@id\":\"https:\\\/\\\/yoga-susanne.ch\\\/kontakt\\\/\",\"url\":\"https:\\\/\\\/yoga-susanne.ch\\\/kontakt\\\/\",\"name\":\"Kontakt - Yoga Susanne\",\"isPartOf\":{\"@id\":\"https:\\\/\\\/yoga-susanne.ch\\\/#website\"},\"primaryImageOfPage\":{\"@id\":\"https:\\\/\\\/yoga-susanne.ch\\\/kontakt\\\/#primaryimage\"},\"image\":{\"@id\":\"https:\\\/\\\/yoga-susanne.ch\\\/kontakt\\\/#primaryimage\"},\"thumbnailUrl\":\"https:\\\/\\\/neu.yoga-susanne.ch\\\/wp-content\\\/uploads\\\/2026\\\/02\\\/gesicht-bananenbaum-2.version-1-scaled.jpg\",\"datePublished\":\"2025-02-16T09:07:51+00:00\",\"dateModified\":\"2026-03-29T09:28:25+00:00\",\"description\":\"Hier finden Sie meine Kontaktm\u00f6glichkeiten. E-Mail: susanne@yoga-susanne.ch. Diplomierte Yogalehrerin BDY \\\/ EYU. Mitglied des Schweizer Yogaverbandes (SYV). Mitglied des Berufsverbandes der Deutschen Yogalehrenden (BDY). Vedische Astrologin in Ausbildung susanne@yoga-susanne.ch\",\"breadcrumb\":{\"@id\":\"https:\\\/\\\/yoga-susanne.ch\\\/kontakt\\\/#breadcrumb\"},\"inLanguage\":\"en-GB\",\"potentialAction\":[{\"@type\":\"ReadAction\",\"target\":[\"https:\\\/\\\/yoga-susanne.ch\\\/kontakt\\\/\"]}]},{\"@type\":\"ImageObject\",\"inLanguage\":\"en-GB\",\"@id\":\"https:\\\/\\\/yoga-susanne.ch\\\/kontakt\\\/#primaryimage\",\"url\":\"https:\\\/\\\/neu.yoga-susanne.ch\\\/wp-content\\\/uploads\\\/2026\\\/02\\\/gesicht-bananenbaum-2.version-1-scaled.jpg\",\"contentUrl\":\"https:\\\/\\\/neu.yoga-susanne.ch\\\/wp-content\\\/uploads\\\/2026\\\/02\\\/gesicht-bananenbaum-2.version-1-scaled.jpg\"},{\"@type\":\"BreadcrumbList\",\"@id\":\"https:\\\/\\\/yoga-susanne.ch\\\/kontakt\\\/#breadcrumb\",\"itemListElement\":[{\"@type\":\"ListItem\",\"position\":1,\"name\":\"Startseite\",\"item\":\"https:\\\/\\\/yoga-susanne.ch\\\/\"},{\"@type\":\"ListItem\",\"position\":2,\"name\":\"Kontakt\"}]},{\"@type\":\"WebSite\",\"@id\":\"https:\\\/\\\/yoga-susanne.ch\\\/#website\",\"url\":\"https:\\\/\\\/yoga-susanne.ch\\\/\",\"name\":\"Yoga Susanne\",\"description\":\"Wie eine Wanderin durch die Zeiten, an keine festen Ort gebunden, authentisch und respektvoll gegen\u00fcber der Indischen Weisheitslehre, in Verbindung mit meinen Lebenserfahrungen, werde ich mein Yoga weitergeben wo auch immer ich hingef\u00fchrt werde.\",\"publisher\":{\"@id\":\"https:\\\/\\\/yoga-susanne.ch\\\/#organization\"},\"potentialAction\":[{\"@type\":\"SearchAction\",\"target\":{\"@type\":\"EntryPoint\",\"urlTemplate\":\"https:\\\/\\\/yoga-susanne.ch\\\/?s={search_term_string}\"},\"query-input\":{\"@type\":\"PropertyValueSpecification\",\"valueRequired\":true,\"valueName\":\"search_term_string\"}}],\"inLanguage\":\"en-GB\"},{\"@type\":\"Organization\",\"@id\":\"https:\\\/\\\/yoga-susanne.ch\\\/#organization\",\"name\":\"Yoga Susanne\",\"url\":\"https:\\\/\\\/yoga-susanne.ch\\\/\",\"logo\":{\"@type\":\"ImageObject\",\"inLanguage\":\"en-GB\",\"@id\":\"https:\\\/\\\/yoga-susanne.ch\\\/#\\\/schema\\\/logo\\\/image\\\/\",\"url\":\"https:\\\/\\\/neu.yoga-susanne.ch\\\/wp-content\\\/uploads\\\/2026\\\/02\\\/yogabaum_ohne_hintegrund.png\",\"contentUrl\":\"https:\\\/\\\/neu.yoga-susanne.ch\\\/wp-content\\\/uploads\\\/2026\\\/02\\\/yogabaum_ohne_hintegrund.png\",\"width\":787,\"height\":1024,\"caption\":\"Yoga Susanne\"},\"image\":{\"@id\":\"https:\\\/\\\/yoga-susanne.ch\\\/#\\\/schema\\\/logo\\\/image\\\/\"},\"sameAs\":[\"https:\\\/\\\/www.facebook.com\\\/yoga.susanne.ch\"]}]}<\/script>\n<!-- \/ Yoast SEO plugin. -->","yoast_head_json":{"title":"Kontakt - Yoga Susanne","description":"Hier finden Sie meine Kontaktm\u00f6glichkeiten. E-Mail: susanne@yoga-susanne.ch. Diplomierte Yogalehrerin BDY \/ EYU. Mitglied des Schweizer Yogaverbandes (SYV). Mitglied des Berufsverbandes der Deutschen Yogalehrenden (BDY). Vedische Astrologin in Ausbildung susanne@yoga-susanne.ch","robots":{"index":"index","follow":"follow","max-snippet":"max-snippet:-1","max-image-preview":"max-image-preview:large","max-video-preview":"max-video-preview:-1"},"canonical":"https:\/\/yoga-susanne.ch\/en\/kontakt\/","og_locale":"en_GB","og_type":"article","og_title":"Kontakt - Yoga Susanne","og_description":"Hier finden Sie meine Kontaktm\u00f6glichkeiten. E-Mail: susanne@yoga-susanne.ch. Diplomierte Yogalehrerin BDY \/ EYU. Mitglied des Schweizer Yogaverbandes (SYV). Mitglied des Berufsverbandes der Deutschen Yogalehrenden (BDY). Vedische Astrologin in Ausbildung susanne@yoga-susanne.ch","og_url":"https:\/\/yoga-susanne.ch\/en\/kontakt\/","og_site_name":"Yoga Susanne","article_publisher":"https:\/\/www.facebook.com\/yoga.susanne.ch","article_modified_time":"2026-03-29T09:28:25+00:00","og_image":[{"url":"https:\/\/neu.yoga-susanne.ch\/wp-content\/uploads\/2026\/02\/gesicht-bananenbaum-2.version-1-scaled.jpg","type":"","width":"","height":""}],"twitter_card":"summary_large_image","twitter_misc":{"Estimated reading time":"1 minute"},"schema":{"@context":"https:\/\/schema.org","@graph":[{"@type":"WebPage","@id":"https:\/\/yoga-susanne.ch\/kontakt\/","url":"https:\/\/yoga-susanne.ch\/kontakt\/","name":"Kontakt - Yoga Susanne","isPartOf":{"@id":"https:\/\/yoga-susanne.ch\/#website"},"primaryImageOfPage":{"@id":"https:\/\/yoga-susanne.ch\/kontakt\/#primaryimage"},"image":{"@id":"https:\/\/yoga-susanne.ch\/kontakt\/#primaryimage"},"thumbnailUrl":"https:\/\/neu.yoga-susanne.ch\/wp-content\/uploads\/2026\/02\/gesicht-bananenbaum-2.version-1-scaled.jpg","datePublished":"2025-02-16T09:07:51+00:00","dateModified":"2026-03-29T09:28:25+00:00","description":"Hier finden Sie meine Kontaktm\u00f6glichkeiten. E-Mail: susanne@yoga-susanne.ch. Diplomierte Yogalehrerin BDY \/ EYU. Mitglied des Schweizer Yogaverbandes (SYV). Mitglied des Berufsverbandes der Deutschen Yogalehrenden (BDY). Vedische Astrologin in Ausbildung susanne@yoga-susanne.ch","breadcrumb":{"@id":"https:\/\/yoga-susanne.ch\/kontakt\/#breadcrumb"},"inLanguage":"en-GB","potentialAction":[{"@type":"ReadAction","target":["https:\/\/yoga-susanne.ch\/kontakt\/"]}]},{"@type":"ImageObject","inLanguage":"en-GB","@id":"https:\/\/yoga-susanne.ch\/kontakt\/#primaryimage","url":"https:\/\/neu.yoga-susanne.ch\/wp-content\/uploads\/2026\/02\/gesicht-bananenbaum-2.version-1-scaled.jpg","contentUrl":"https:\/\/neu.yoga-susanne.ch\/wp-content\/uploads\/2026\/02\/gesicht-bananenbaum-2.version-1-scaled.jpg"},{"@type":"BreadcrumbList","@id":"https:\/\/yoga-susanne.ch\/kontakt\/#breadcrumb","itemListElement":[{"@type":"ListItem","position":1,"name":"Startseite","item":"https:\/\/yoga-susanne.ch\/"},{"@type":"ListItem","position":2,"name":"Kontakt"}]},{"@type":"WebSite","@id":"https:\/\/yoga-susanne.ch\/#website","url":"https:\/\/yoga-susanne.ch\/","name":"Yoga Susanne","description":"Wie eine Wanderin durch die Zeiten, an keine festen Ort gebunden, authentisch und respektvoll gegen\u00fcber der Indischen Weisheitslehre, in Verbindung mit meinen Lebenserfahrungen, werde ich mein Yoga weitergeben wo auch immer ich hingef\u00fchrt werde.","publisher":{"@id":"https:\/\/yoga-susanne.ch\/#organization"},"potentialAction":[{"@type":"SearchAction","target":{"@type":"EntryPoint","urlTemplate":"https:\/\/yoga-susanne.ch\/?s={search_term_string}"},"query-input":{"@type":"PropertyValueSpecification","valueRequired":true,"valueName":"search_term_string"}}],"inLanguage":"en-GB"},{"@type":"Organization","@id":"https:\/\/yoga-susanne.ch\/#organization","name":"Yoga Susanne","url":"https:\/\/yoga-susanne.ch\/","logo":{"@type":"ImageObject","inLanguage":"en-GB","@id":"https:\/\/yoga-susanne.ch\/#\/schema\/logo\/image\/","url":"https:\/\/neu.yoga-susanne.ch\/wp-content\/uploads\/2026\/02\/yogabaum_ohne_hintegrund.png","contentUrl":"https:\/\/neu.yoga-susanne.ch\/wp-content\/uploads\/2026\/02\/yogabaum_ohne_hintegrund.png","width":787,"height":1024,"caption":"Yoga Susanne"},"image":{"@id":"https:\/\/yoga-susanne.ch\/#\/schema\/logo\/image\/"},"sameAs":["https:\/\/www.facebook.com\/yoga.susanne.ch"]}]}},"_links":{"self":[{"href":"https:\/\/yoga-susanne.ch\/en\/wp-json\/wp\/v2\/pages\/49","targetHints":{"allow":["GET"]}}],"collection":[{"href":"https:\/\/yoga-susanne.ch\/en\/wp-json\/wp\/v2\/pages"}],"about":[{"href":"https:\/\/yoga-susanne.ch\/en\/wp-json\/wp\/v2\/types\/page"}],"author":[{"embeddable":true,"href":"https:\/\/yoga-susanne.ch\/en\/wp-json\/wp\/v2\/users\/1"}],"replies":[{"embeddable":true,"href":"https:\/\/yoga-susanne.ch\/en\/wp-json\/wp\/v2\/comments?post=49"}],"version-history":[{"count":40,"href":"https:\/\/yoga-susanne.ch\/en\/wp-json\/wp\/v2\/pages\/49\/revisions"}],"predecessor-version":[{"id":676,"href":"https:\/\/yoga-susanne.ch\/en\/wp-json\/wp\/v2\/pages\/49\/revisions\/676"}],"wp:attachment":[{"href":"https:\/\/yoga-susanne.ch\/en\/wp-json\/wp\/v2\/media?parent=49"}],"curies":[{"name":"wp","href":"https:\/\/api.w.org\/{rel}","templated":true}]}}