{"id":67,"date":"2025-02-16T09:17:46","date_gmt":"2025-02-16T09:17:46","guid":{"rendered":"https:\/\/neu.yoga-susanne.ch\/?page_id=67"},"modified":"2026-04-08T10:37:23","modified_gmt":"2026-04-08T08:37:23","slug":"yoga-susanne","status":"publish","type":"page","link":"https:\/\/yoga-susanne.ch\/en\/","title":{"rendered":"Home"},"content":{"rendered":"<h4 class=\"wp-block-heading has-text-align-center\" style=\"margin-top:var(--wp--preset--spacing--40);margin-right:0;margin-bottom:var(--wp--preset--spacing--40);margin-left:0;line-height:1.6\">Wie eine Wanderin durch die Zeiten, an keine festen Ort gebunden, authentisch und respektvoll gegen\u00fcber der Indischen Weisheitslehre, in Verbindung mit meinen Lebenserfahrungen, werde ich mein Yoga weitergeben wo auch immer ich hingef\u00fchrt werde.<\/h4>\n\n\n\n<h4 class=\"wp-block-heading alignwide has-text-align-center\" style=\"line-height:1.8\">Yoga f\u00fcr Dich<\/h4>\n\n\n\n<h4 class=\"wp-block-heading has-text-align-center\" style=\"line-height:1.8\">Yoga ist immer in jedem Moment in jeder Sekunde.<\/h4>\n\n\n\n<h4 class=\"wp-block-heading has-text-align-center\" style=\"line-height:1.8\">Yoga ist, aus der Intuition heraus entstehen lassen.<\/h4>\n\n\n\n<div style=\"height:68px\" aria-hidden=\"true\" class=\"wp-block-spacer\"><\/div>\n\n\n\n<h4 class=\"wp-block-heading has-text-align-center\" style=\"line-height:1.8\">Alles ist schon da.<\/h4>\n\n\n\n<h4 class=\"wp-block-heading has-text-align-center\" style=\"line-height:1.8\">Unsere Zellen verf\u00fcgen \u00fcber ein Wissen das auf den Beginn allen Lebens zur\u00fcckf\u00fchrt.<\/h4>\n\n\n\n<h4 class=\"wp-block-heading has-text-align-center\" style=\"line-height:1.8\">In jeder Bewegung, in jedem Moment werden wir von dieser allumfassenden Intelligenz getragen.<\/h4>\n\n\n\n<h4 class=\"wp-block-heading has-text-align-center\" style=\"line-height:1.8\">Wir m\u00fcssen Nichts erreichen.<\/h4>\n\n\n\n<h4 class=\"wp-block-heading has-text-align-center\" style=\"line-height:1.8\">Wir d\u00fcrfen Erkennen, Annehmen und Leben.<\/h4>\n\n\n\n<div style=\"height:68px\" aria-hidden=\"true\" class=\"wp-block-spacer\"><\/div>\n\n\n\n<h4 class=\"wp-block-heading has-text-align-center\" style=\"line-height:1.8\">Yoga ist immer jetzt<\/h4>\n\n\n\n<div style=\"height:100px\" aria-hidden=\"true\" class=\"wp-block-spacer\"><\/div>\n\n\n\n<figure class=\"wp-block-video\"><video height=\"1080\" style=\"aspect-ratio: 1920 \/ 1080;\" width=\"1920\" controls preload=\"auto\" src=\"https:\/\/neu.yoga-susanne.ch\/wp-content\/uploads\/2026\/02\/video_Susanne.mp4\" playsinline><\/video><\/figure>\n\n\n\n<div style=\"height:101px\" aria-hidden=\"true\" class=\"wp-block-spacer\"><\/div>\n\n\n\n<p class=\"has-text-align-center\">Mit einer gro\u00dfen Freude m\u00f6chte ich das baldige Erscheinen meines Buches ank\u00fcndigen.<\/p>\n\n\n\n<div style=\"height:60px\" aria-hidden=\"true\" class=\"wp-block-spacer\"><\/div>\n\n\n\n<figure class=\"wp-block-image aligncenter is-resized\"><img loading=\"lazy\" decoding=\"async\" width=\"731\" height=\"1024\" src=\"https:\/\/neu.yoga-susanne.ch\/wp-content\/uploads\/2026\/02\/Cover_Fraling_page-0001_mod-731x1024.jpg\" alt=\"\" class=\"wp-image-632\" style=\"aspect-ratio:0.7191011235955056;width:382px;height:auto\" srcset=\"https:\/\/yoga-susanne.ch\/wp-content\/uploads\/2026\/02\/Cover_Fraling_page-0001_mod-731x1024.jpg 731w, https:\/\/yoga-susanne.ch\/wp-content\/uploads\/2026\/02\/Cover_Fraling_page-0001_mod-214x300.jpg 214w, https:\/\/yoga-susanne.ch\/wp-content\/uploads\/2026\/02\/Cover_Fraling_page-0001_mod-768x1076.jpg 768w, https:\/\/yoga-susanne.ch\/wp-content\/uploads\/2026\/02\/Cover_Fraling_page-0001_mod-1096x1536.jpg 1096w, https:\/\/yoga-susanne.ch\/wp-content\/uploads\/2026\/02\/Cover_Fraling_page-0001_mod-1462x2048.jpg 1462w, https:\/\/yoga-susanne.ch\/wp-content\/uploads\/2026\/02\/Cover_Fraling_page-0001_mod-9x12.jpg 9w, https:\/\/yoga-susanne.ch\/wp-content\/uploads\/2026\/02\/Cover_Fraling_page-0001_mod-1320x1849.jpg 1320w, https:\/\/yoga-susanne.ch\/wp-content\/uploads\/2026\/02\/Cover_Fraling_page-0001_mod.jpg 1771w\" sizes=\"auto, (max-width: 731px) 100vw, 731px\" \/><\/figure>","protected":false},"excerpt":{"rendered":"<p>Wie eine Wanderin durch die Zeiten, an keine festen Ort gebunden, authentisch und respektvoll gegen\u00fcber der Indischen Weisheitslehre, in Verbindung mit meinen Lebenserfahrungen, werde ich mein Yoga weitergeben wo auch immer ich hingef\u00fchrt werde. Yoga f\u00fcr Dich Yoga ist immer in jedem Moment in jeder Sekunde. Yoga ist, aus der Intuition heraus entstehen lassen. Alles [&hellip;]<\/p>\n","protected":false},"author":1,"featured_media":0,"parent":0,"menu_order":0,"comment_status":"closed","ping_status":"closed","template":"default-home","meta":{"footnotes":""},"class_list":["post-67","page","type-page","status-publish","hentry"],"yoast_head":"<!-- This site is optimized with the Yoast SEO plugin v27.3 - https:\/\/yoast.com\/product\/yoast-seo-wordpress\/ -->\n<title>Yoga Susanne<\/title>\n<meta name=\"description\" content=\"Wie eine Wanderin durch die Zeiten, an keine festen Ort gebunden, authentisch und respektvoll gegen\u00fcber der Indischen Weisheitslehre, in Verbindung mit meinen Lebenserfahrungen, werde ich mein Yoga weitergeben wo auch immer ich hingef\u00fchrt werde.\" \/>\n<meta name=\"robots\" content=\"index, follow, max-snippet:-1, max-image-preview:large, max-video-preview:-1\" \/>\n<link rel=\"canonical\" href=\"https:\/\/yoga-susanne.ch\/en\/\" \/>\n<meta property=\"og:locale\" content=\"en_GB\" \/>\n<meta property=\"og:type\" content=\"article\" \/>\n<meta property=\"og:title\" content=\"Yoga Susanne\" \/>\n<meta property=\"og:description\" content=\"Wie eine Wanderin durch die Zeiten, an keine festen Ort gebunden, authentisch und respektvoll gegen\u00fcber der Indischen Weisheitslehre, in Verbindung mit meinen Lebenserfahrungen, werde ich mein Yoga weitergeben wo auch immer ich hingef\u00fchrt werde.\" \/>\n<meta property=\"og:url\" content=\"https:\/\/yoga-susanne.ch\/en\/\" \/>\n<meta property=\"og:site_name\" content=\"Yoga Susanne\" \/>\n<meta property=\"article:publisher\" content=\"https:\/\/www.facebook.com\/yoga.susanne.ch\" \/>\n<meta property=\"article:modified_time\" content=\"2026-04-08T08:37:23+00:00\" \/>\n<meta property=\"og:image\" content=\"https:\/\/neu.yoga-susanne.ch\/wp-content\/uploads\/2026\/02\/Cover_Fraling_page-0001_mod-731x1024.jpg\" \/>\n<meta name=\"twitter:card\" content=\"summary_large_image\" \/>\n<meta name=\"twitter:label1\" content=\"Estimated reading time\" \/>\n\t<meta name=\"twitter:data1\" content=\"1 minute\" \/>\n<script type=\"application\/ld+json\" class=\"yoast-schema-graph\">{\"@context\":\"https:\\\/\\\/schema.org\",\"@graph\":[{\"@type\":\"WebPage\",\"@id\":\"https:\\\/\\\/yoga-susanne.ch\\\/\",\"url\":\"https:\\\/\\\/yoga-susanne.ch\\\/\",\"name\":\"Yoga Susanne\",\"isPartOf\":{\"@id\":\"https:\\\/\\\/yoga-susanne.ch\\\/#website\"},\"primaryImageOfPage\":{\"@id\":\"https:\\\/\\\/yoga-susanne.ch\\\/#primaryimage\"},\"image\":{\"@id\":\"https:\\\/\\\/yoga-susanne.ch\\\/#primaryimage\"},\"thumbnailUrl\":\"https:\\\/\\\/neu.yoga-susanne.ch\\\/wp-content\\\/uploads\\\/2026\\\/02\\\/Cover_Fraling_page-0001_mod-731x1024.jpg\",\"datePublished\":\"2025-02-16T09:17:46+00:00\",\"dateModified\":\"2026-04-08T08:37:23+00:00\",\"description\":\"Wie eine Wanderin durch die Zeiten, an keine festen Ort gebunden, authentisch und respektvoll gegen\u00fcber der Indischen Weisheitslehre, in Verbindung mit meinen Lebenserfahrungen, werde ich mein Yoga weitergeben wo auch immer ich hingef\u00fchrt werde.\",\"breadcrumb\":{\"@id\":\"https:\\\/\\\/yoga-susanne.ch\\\/#breadcrumb\"},\"inLanguage\":\"en-GB\",\"potentialAction\":[{\"@type\":\"ReadAction\",\"target\":[\"https:\\\/\\\/yoga-susanne.ch\\\/\"]}]},{\"@type\":\"ImageObject\",\"inLanguage\":\"en-GB\",\"@id\":\"https:\\\/\\\/yoga-susanne.ch\\\/#primaryimage\",\"url\":\"https:\\\/\\\/neu.yoga-susanne.ch\\\/wp-content\\\/uploads\\\/2026\\\/02\\\/Cover_Fraling_page-0001_mod-731x1024.jpg\",\"contentUrl\":\"https:\\\/\\\/neu.yoga-susanne.ch\\\/wp-content\\\/uploads\\\/2026\\\/02\\\/Cover_Fraling_page-0001_mod-731x1024.jpg\"},{\"@type\":\"BreadcrumbList\",\"@id\":\"https:\\\/\\\/yoga-susanne.ch\\\/#breadcrumb\",\"itemListElement\":[{\"@type\":\"ListItem\",\"position\":1,\"name\":\"Startseite\",\"item\":\"https:\\\/\\\/yoga-susanne.ch\\\/\"},{\"@type\":\"ListItem\",\"position\":2,\"name\":\"Home\"}]},{\"@type\":\"WebSite\",\"@id\":\"https:\\\/\\\/yoga-susanne.ch\\\/#website\",\"url\":\"https:\\\/\\\/yoga-susanne.ch\\\/\",\"name\":\"Yoga Susanne\",\"description\":\"Wie eine Wanderin durch die Zeiten, an keine festen Ort gebunden, authentisch und respektvoll gegen\u00fcber der Indischen Weisheitslehre, in Verbindung mit meinen Lebenserfahrungen, werde ich mein Yoga weitergeben wo auch immer ich hingef\u00fchrt werde.\",\"publisher\":{\"@id\":\"https:\\\/\\\/yoga-susanne.ch\\\/#organization\"},\"potentialAction\":[{\"@type\":\"SearchAction\",\"target\":{\"@type\":\"EntryPoint\",\"urlTemplate\":\"https:\\\/\\\/yoga-susanne.ch\\\/?s={search_term_string}\"},\"query-input\":{\"@type\":\"PropertyValueSpecification\",\"valueRequired\":true,\"valueName\":\"search_term_string\"}}],\"inLanguage\":\"en-GB\"},{\"@type\":\"Organization\",\"@id\":\"https:\\\/\\\/yoga-susanne.ch\\\/#organization\",\"name\":\"Yoga Susanne\",\"url\":\"https:\\\/\\\/yoga-susanne.ch\\\/\",\"logo\":{\"@type\":\"ImageObject\",\"inLanguage\":\"en-GB\",\"@id\":\"https:\\\/\\\/yoga-susanne.ch\\\/#\\\/schema\\\/logo\\\/image\\\/\",\"url\":\"https:\\\/\\\/neu.yoga-susanne.ch\\\/wp-content\\\/uploads\\\/2026\\\/02\\\/yogabaum_ohne_hintegrund.png\",\"contentUrl\":\"https:\\\/\\\/neu.yoga-susanne.ch\\\/wp-content\\\/uploads\\\/2026\\\/02\\\/yogabaum_ohne_hintegrund.png\",\"width\":787,\"height\":1024,\"caption\":\"Yoga Susanne\"},\"image\":{\"@id\":\"https:\\\/\\\/yoga-susanne.ch\\\/#\\\/schema\\\/logo\\\/image\\\/\"},\"sameAs\":[\"https:\\\/\\\/www.facebook.com\\\/yoga.susanne.ch\"]}]}<\/script>\n<!-- \/ Yoast SEO plugin. -->","yoast_head_json":{"title":"Yoga Susanne","description":"Wie eine Wanderin durch die Zeiten, an keine festen Ort gebunden, authentisch und respektvoll gegen\u00fcber der Indischen Weisheitslehre, in Verbindung mit meinen Lebenserfahrungen, werde ich mein Yoga weitergeben wo auch immer ich hingef\u00fchrt werde.","robots":{"index":"index","follow":"follow","max-snippet":"max-snippet:-1","max-image-preview":"max-image-preview:large","max-video-preview":"max-video-preview:-1"},"canonical":"https:\/\/yoga-susanne.ch\/en\/","og_locale":"en_GB","og_type":"article","og_title":"Yoga Susanne","og_description":"Wie eine Wanderin durch die Zeiten, an keine festen Ort gebunden, authentisch und respektvoll gegen\u00fcber der Indischen Weisheitslehre, in Verbindung mit meinen Lebenserfahrungen, werde ich mein Yoga weitergeben wo auch immer ich hingef\u00fchrt werde.","og_url":"https:\/\/yoga-susanne.ch\/en\/","og_site_name":"Yoga Susanne","article_publisher":"https:\/\/www.facebook.com\/yoga.susanne.ch","article_modified_time":"2026-04-08T08:37:23+00:00","og_image":[{"url":"https:\/\/neu.yoga-susanne.ch\/wp-content\/uploads\/2026\/02\/Cover_Fraling_page-0001_mod-731x1024.jpg","type":"","width":"","height":""}],"twitter_card":"summary_large_image","twitter_misc":{"Estimated reading time":"1 minute"},"schema":{"@context":"https:\/\/schema.org","@graph":[{"@type":"WebPage","@id":"https:\/\/yoga-susanne.ch\/","url":"https:\/\/yoga-susanne.ch\/","name":"Yoga Susanne","isPartOf":{"@id":"https:\/\/yoga-susanne.ch\/#website"},"primaryImageOfPage":{"@id":"https:\/\/yoga-susanne.ch\/#primaryimage"},"image":{"@id":"https:\/\/yoga-susanne.ch\/#primaryimage"},"thumbnailUrl":"https:\/\/neu.yoga-susanne.ch\/wp-content\/uploads\/2026\/02\/Cover_Fraling_page-0001_mod-731x1024.jpg","datePublished":"2025-02-16T09:17:46+00:00","dateModified":"2026-04-08T08:37:23+00:00","description":"Wie eine Wanderin durch die Zeiten, an keine festen Ort gebunden, authentisch und respektvoll gegen\u00fcber der Indischen Weisheitslehre, in Verbindung mit meinen Lebenserfahrungen, werde ich mein Yoga weitergeben wo auch immer ich hingef\u00fchrt werde.","breadcrumb":{"@id":"https:\/\/yoga-susanne.ch\/#breadcrumb"},"inLanguage":"en-GB","potentialAction":[{"@type":"ReadAction","target":["https:\/\/yoga-susanne.ch\/"]}]},{"@type":"ImageObject","inLanguage":"en-GB","@id":"https:\/\/yoga-susanne.ch\/#primaryimage","url":"https:\/\/neu.yoga-susanne.ch\/wp-content\/uploads\/2026\/02\/Cover_Fraling_page-0001_mod-731x1024.jpg","contentUrl":"https:\/\/neu.yoga-susanne.ch\/wp-content\/uploads\/2026\/02\/Cover_Fraling_page-0001_mod-731x1024.jpg"},{"@type":"BreadcrumbList","@id":"https:\/\/yoga-susanne.ch\/#breadcrumb","itemListElement":[{"@type":"ListItem","position":1,"name":"Startseite","item":"https:\/\/yoga-susanne.ch\/"},{"@type":"ListItem","position":2,"name":"Home"}]},{"@type":"WebSite","@id":"https:\/\/yoga-susanne.ch\/#website","url":"https:\/\/yoga-susanne.ch\/","name":"Yoga Susanne","description":"Wie eine Wanderin durch die Zeiten, an keine festen Ort gebunden, authentisch und respektvoll gegen\u00fcber der Indischen Weisheitslehre, in Verbindung mit meinen Lebenserfahrungen, werde ich mein Yoga weitergeben wo auch immer ich hingef\u00fchrt werde.","publisher":{"@id":"https:\/\/yoga-susanne.ch\/#organization"},"potentialAction":[{"@type":"SearchAction","target":{"@type":"EntryPoint","urlTemplate":"https:\/\/yoga-susanne.ch\/?s={search_term_string}"},"query-input":{"@type":"PropertyValueSpecification","valueRequired":true,"valueName":"search_term_string"}}],"inLanguage":"en-GB"},{"@type":"Organization","@id":"https:\/\/yoga-susanne.ch\/#organization","name":"Yoga Susanne","url":"https:\/\/yoga-susanne.ch\/","logo":{"@type":"ImageObject","inLanguage":"en-GB","@id":"https:\/\/yoga-susanne.ch\/#\/schema\/logo\/image\/","url":"https:\/\/neu.yoga-susanne.ch\/wp-content\/uploads\/2026\/02\/yogabaum_ohne_hintegrund.png","contentUrl":"https:\/\/neu.yoga-susanne.ch\/wp-content\/uploads\/2026\/02\/yogabaum_ohne_hintegrund.png","width":787,"height":1024,"caption":"Yoga Susanne"},"image":{"@id":"https:\/\/yoga-susanne.ch\/#\/schema\/logo\/image\/"},"sameAs":["https:\/\/www.facebook.com\/yoga.susanne.ch"]}]}},"_links":{"self":[{"href":"https:\/\/yoga-susanne.ch\/en\/wp-json\/wp\/v2\/pages\/67","targetHints":{"allow":["GET"]}}],"collection":[{"href":"https:\/\/yoga-susanne.ch\/en\/wp-json\/wp\/v2\/pages"}],"about":[{"href":"https:\/\/yoga-susanne.ch\/en\/wp-json\/wp\/v2\/types\/page"}],"author":[{"embeddable":true,"href":"https:\/\/yoga-susanne.ch\/en\/wp-json\/wp\/v2\/users\/1"}],"replies":[{"embeddable":true,"href":"https:\/\/yoga-susanne.ch\/en\/wp-json\/wp\/v2\/comments?post=67"}],"version-history":[{"count":100,"href":"https:\/\/yoga-susanne.ch\/en\/wp-json\/wp\/v2\/pages\/67\/revisions"}],"predecessor-version":[{"id":698,"href":"https:\/\/yoga-susanne.ch\/en\/wp-json\/wp\/v2\/pages\/67\/revisions\/698"}],"wp:attachment":[{"href":"https:\/\/yoga-susanne.ch\/en\/wp-json\/wp\/v2\/media?parent=67"}],"curies":[{"name":"wp","href":"https:\/\/api.w.org\/{rel}","templated":true}]}}